{"id":628,"date":"2014-06-07T10:20:00","date_gmt":"2014-06-07T08:20:00","guid":{"rendered":"http:\/\/www.bruckner-online.at\/about-us-2-2-2-2-2-7-2\/"},"modified":"2019-07-10T12:41:47","modified_gmt":"2019-07-10T10:41:47","slug":"bibliographie-2","status":"publish","type":"page","link":"http:\/\/www.bruckner-online.at\/?page_id=628","title":{"rendered":"Bibliographie"},"content":{"rendered":"<p style=\"text-align: justify;\">Renate Grasberger bietet in ihrer zweib\u00e4ndigen Bibliographie (Musikwissenschaftlicher Verlag 1985 und 2002) eine umfassende Sammlung von Li\u00adtera\u00adtur\u00adzitaten zu Anton Bruckner und seinem n\u00e4heren Umfeld bis zum Jahr 1999. Erich Wolfgang Partsch setzte die Arbeit Grasbergers f\u00fcr die Jahre ab 2000 bis Ende 2014 fort und erg\u00e4nzte einige Daten f\u00fcr die Zeit vor 2000. Beide Sammlungen stehen hier als recherchierbare Bibliographie-Datenbank mit 9422 Eintr\u00e4gen zur Verf\u00fcgung. Mirjam Kluger erg\u00e4nzte von 2015 bis 2019 laufend \u00e4ltere und neue Literaturzitate. Stand Juli 2019: 9847 Datens\u00e4tze. Das erste Suchfeld muss f\u00fcr eine erfolgreiche Anfrage ausgef\u00fcllt sein.<\/p>\n","protected":false},"excerpt":{"rendered":"<p>Renate Grasberger bietet in ihrer zweib\u00e4ndigen Bibliographie (Musikwissenschaftlicher Verlag 1985 und 2002) eine umfassende Sammlung von Li\u00adtera\u00adtur\u00adzitaten zu Anton Bruckner und seinem n\u00e4heren Umfeld&#8230; &nbsp; <a href=\"http:\/\/www.bruckner-online.at\/?page_id=628\" class=\"moretag\">&#8230;mehr <\/a><\/p>\n","protected":false},"author":1,"featured_media":649,"parent":0,"menu_order":0,"comment_status":"closed","ping_status":"closed","template":"bibliographie.php","meta":{"footnotes":""},"class_list":["post-628","page","type-page","status-publish","has-post-thumbnail","hentry"],"_links":{"self":[{"href":"http:\/\/www.bruckner-online.at\/index.php?rest_route=\/wp\/v2\/pages\/628"}],"collection":[{"href":"http:\/\/www.bruckner-online.at\/index.php?rest_route=\/wp\/v2\/pages"}],"about":[{"href":"http:\/\/www.bruckner-online.at\/index.php?rest_route=\/wp\/v2\/types\/page"}],"author":[{"embeddable":true,"href":"http:\/\/www.bruckner-online.at\/index.php?rest_route=\/wp\/v2\/users\/1"}],"replies":[{"embeddable":true,"href":"http:\/\/www.bruckner-online.at\/index.php?rest_route=%2Fwp%2Fv2%2Fcomments&post=628"}],"version-history":[{"count":15,"href":"http:\/\/www.bruckner-online.at\/index.php?rest_route=\/wp\/v2\/pages\/628\/revisions"}],"predecessor-version":[{"id":1856,"href":"http:\/\/www.bruckner-online.at\/index.php?rest_route=\/wp\/v2\/pages\/628\/revisions\/1856"}],"wp:featuredmedia":[{"embeddable":true,"href":"http:\/\/www.bruckner-online.at\/index.php?rest_route=\/wp\/v2\/media\/649"}],"wp:attachment":[{"href":"http:\/\/www.bruckner-online.at\/index.php?rest_route=%2Fwp%2Fv2%2Fmedia&parent=628"}],"curies":[{"name":"wp","href":"https:\/\/api.w.org\/{rel}","templated":true}]}}