{"id":533,"date":"2014-06-07T10:20:00","date_gmt":"2014-06-07T08:20:00","guid":{"rendered":"http:\/\/www.bruckner-online.at\/about-us-2-2-2-2\/"},"modified":"2023-03-30T14:39:24","modified_gmt":"2023-03-30T12:39:24","slug":"aga","status":"publish","type":"page","link":"http:\/\/www.bruckner-online.at\/?page_id=533","title":{"rendered":"Anton Bruckner. S\u00e4mtliche Werke (Alte Gesamtausgabe)"},"content":{"rendered":"<p>von Erich Wolfgang Partsch (Artikel \u201eGesamtausgaben\u201c in\u00a0<em>Anton Bruckner. Ein Handbuch<\/em>, Linz 1996, S. 175)<\/p>\n<p style=\"text-align: justify;\">Die komplizierte, missverst\u00e4ndliche und an Manipulationen reiche \u00dcberlieferungsgeschichte der Werke Bruckners hat Georg G\u00f6hler 1918 pointiert zur Forderung nach einer \u201eeinwandfreien, streng wissenschaftlichen Ausgabe\u201c veranlasst. 1927 hob die aus bereits bestehenden Bruckner-Vereinigungen neu gegr\u00fcndete Internationale Bruckner-Gesellschaft in Leipzig als \u201ewichtigste Aufgabe\u201c die Herausgabe des Gesamtwerkes hervor. Mittels einer \u201epeinlich genauen, tra\u00additions\u00adgeleiteten Textkritik\u201c sollte der \u201eUrtext&#8221; als \u201eGrundlage f\u00fcr k\u00fcnftige praktische Ausgaben\u201c entstehen. Die Leitung wurde Robert Haas als Vertreter der \u00d6ster\u00adreichischen Nationalbibliothek gemeinsam mit Alfred Orel \u00fcbertragen, den Druck \u00fcbernahm statt des vorgesehenen Verlages Breitkopf &amp; H\u00e4rtel Benno Filser in Augsburg. Das war der Beginn der ersten Gesamtausgabe <em>Anton Bruckner. S\u00e4mtliche Werke <\/em>(auch als <em>Alte Gesamtausgabe<\/em> [AGA] bezeichnet).<\/p>\n<p style=\"text-align: justify;\">1930 erschien der erste Band (Nr. 15) mit der <em>Missa solemnis in b-Moll<\/em> und dem <em>Requiem in d-Moll<\/em> in Erstdrucken. 1932 erfolgte die Aufl\u00f6sung des Verlags, doch die in Arbeit befindliche <em>Neunte Symphonie<\/em> lag bereits so weit vor, dass Siegmund von Hausegger mit den M\u00fcnchner Philharmonikern die ber\u00fchmte Gegen\u00fcberstellung von L\u00f6we-Fassung und Originalfassung durchf\u00fchren konnte. Damit wurde eine heftige Diskussion um die Fassungen ausgel\u00f6st. Als Nachfolger wurde der Musik\u00adwissenschaftliche Verlag eigens f\u00fcr die weitere Herausgabe der Gesamtausgabe gegr\u00fcndet. Die Symphonien erschienen nun regelm\u00e4\u00dfig in Dirigier- und Studienpartituren, erg\u00e4nzt durch sogenannte \u201eBerichte\u201c, die \u00fcber die Quellenlage Auskunft geben. Nach dem Ausscheiden von Orel wurde um 1937 Leopold Nowak neuer Mitarbeiter von Haas.<\/p>\n<p style=\"text-align: justify;\">Der weitere Weg der alten Gesamtausgabe erwies sich alsbald problematisch, weil sich Haas bei der <em>Zweiten<\/em> und sp\u00e4ter bei der <em>Achten Symphonie<\/em> f\u00fcr sogenannte Mischfassungen (Vermengungen verschiedener Arbeitsstadien) entschloss. 1944 \u2013 mit dem Erscheinen der <em>Siebenten Symphonie<\/em> und der <em>Messe in f-Moll<\/em> \u2013 endete kriegsbedingt die Arbeit von Haas.<\/p>\n<p>(Bereitstellung der Abbildungen mit Erlaubnis des Musikwissenschaftlichen Verlags Wien)<\/p>\n<table class=\"table-1\" border=\"0\">\n<tbody>\n<tr>\n<td colspan=\"3\"><strong>1930<\/strong><\/td>\n<\/tr>\n<tr>\n<td width=\"270\">Missa solemnis in b-Moll (Bd. 15)<\/td>\n<td width=\"183\">Robert Haas<\/td>\n<td width=\"133\"><a href=\"\/miradorAGA.php?AGA=AGA15\" target=\"_blank\" rel=\"noopener\"><img loading=\"lazy\" decoding=\"async\" title=\"AGA15\" src=\"wp-content\/themes\/buntington-child\/public\/img\/camera.png\" alt=\"AGA15\" width=\"35\" height=\"35\" border=\"0\" \/><\/a><\/td>\n<\/tr>\n<tr>\n<td width=\"270\">Requiem in d-Moll (Bd. 15)<\/td>\n<td width=\"183\">Robert Haas<\/td>\n<td width=\"133\"><a href=\"\/miradorAGA.php?AGA=AGA15\" target=\"_blank\" rel=\"noopener\"><img loading=\"lazy\" decoding=\"async\" title=\"AGA15\" src=\"wp-content\/themes\/buntington-child\/public\/img\/camera.png\" alt=\"AGA15\" width=\"35\" height=\"35\" border=\"0\" \/><\/a><\/td>\n<\/tr>\n<tr>\n<td colspan=\"3\"><strong>1934<\/strong><\/td>\n<\/tr>\n<tr>\n<td width=\"270\">Neunte Symphonie (Bd. 9)<\/td>\n<td width=\"183\">Alfred Orel<\/td>\n<td width=\"133\"><a href=\"\/miradorAGA.php?AGA=AGA09\" target=\"_blank\" rel=\"noopener\"><img loading=\"lazy\" decoding=\"async\" title=\"AGA09\" src=\"wp-content\/themes\/buntington-child\/public\/img\/camera.png\" alt=\"AGA09\" width=\"35\" height=\"35\" border=\"0\" \/><\/a><\/td>\n<\/tr>\n<tr>\n<td width=\"270\">Vier Orchesterst\u00fccke (Bd. 11)<\/td>\n<td width=\"183\">Alfred Orel<\/td>\n<td width=\"133\"><a href=\"\/miradorAGA.php?AGA=AGA11\" target=\"_blank\" rel=\"noopener\"><img loading=\"lazy\" decoding=\"async\" title=\"AGA11\" src=\"wp-content\/themes\/buntington-child\/public\/img\/camera.png\" alt=\"AGA11\" width=\"35\" height=\"35\" border=\"0\" \/><\/a><\/td>\n<\/tr>\n<tr>\n<td colspan=\"3\"><strong>1935<\/strong><\/td>\n<\/tr>\n<tr>\n<td width=\"270\">Erste Symphonie (Linzer und Wiener Fassung, Bd. 1)<\/td>\n<td width=\"183\">Robert Haas<\/td>\n<td width=\"133\"><a href=\"\/miradorAGA.php?AGA=AGA01\" target=\"_blank\" rel=\"noopener\"><img loading=\"lazy\" decoding=\"async\" title=\"AGA01\" src=\"wp-content\/themes\/buntington-child\/public\/img\/camera.png\" alt=\"AGA11\" width=\"35\" height=\"35\" border=\"0\" \/><\/a><\/td>\n<\/tr>\n<tr>\n<td width=\"270\">F\u00fcnfte Symphonie (Bd. 5)<\/td>\n<td width=\"183\">Robert Haas<\/td>\n<td width=\"133\"><a href=\"\/miradorAGA.php?AGA=AGA05\" target=\"_blank\" rel=\"noopener\"><img loading=\"lazy\" decoding=\"async\" title=\"AGA05\" src=\"wp-content\/themes\/buntington-child\/public\/img\/camera.png\" alt=\"AGA11\" width=\"35\" height=\"35\" border=\"0\" \/><\/a><\/td>\n<\/tr>\n<tr>\n<td width=\"270\">Sechste Symphonie (Bd. 6)<\/td>\n<td width=\"183\">Robert Haas<\/td>\n<td width=\"133\"><a href=\"\/miradorAGA.php?AGA=AGA06\" target=\"_blank\" rel=\"noopener\"><img loading=\"lazy\" decoding=\"async\" title=\"AGA06\" src=\"wp-content\/themes\/buntington-child\/public\/img\/camera.png\" alt=\"AGA11\" width=\"35\" height=\"35\" border=\"0\" \/><\/a><\/td>\n<\/tr>\n<tr>\n<td colspan=\"3\"><strong>1936<\/strong><\/td>\n<\/tr>\n<tr>\n<td width=\"270\">Vierte Symphonie (2. Fassung, Bd. 4)<\/td>\n<td width=\"183\">Robert Haas<\/td>\n<td width=\"133\"><a href=\"\/miradorAGA.php?AGA=AGA04\" target=\"_blank\" rel=\"noopener\"><img loading=\"lazy\" decoding=\"async\" title=\"AGA04\" src=\"wp-content\/themes\/buntington-child\/public\/img\/camera.png\" alt=\"AGA11\" width=\"35\" height=\"35\" border=\"0\" \/><\/a><\/td>\n<\/tr>\n<tr>\n<td colspan=\"3\"><strong>1938<\/strong><\/td>\n<\/tr>\n<tr>\n<td width=\"270\">Zweite Symphonie (Mischform aus 1. und 2. Fassung, Bd. 2)<\/td>\n<td width=\"183\">Robert Haas<\/td>\n<td width=\"133\"><a href=\"\/miradorAGA.php?AGA=AGA02\" target=\"_blank\" rel=\"noopener\"><img loading=\"lazy\" decoding=\"async\" title=\"AGA02\" src=\"wp-content\/themes\/buntington-child\/public\/img\/camera.png\" alt=\"AGA11\" width=\"35\" height=\"35\" border=\"0\" \/><\/a><\/td>\n<\/tr>\n<tr>\n<td colspan=\"3\"><strong>1939<\/strong><\/td>\n<\/tr>\n<tr>\n<td width=\"270\">Achte Symphonie (Mischform aus 1. und 2. Fassung, Bd. 8)<\/td>\n<td width=\"183\">Robert Haas<\/td>\n<td width=\"133\"><a href=\"\/miradorAGA.php?AGA=AGA08\" target=\"_blank\" rel=\"noopener\"><img loading=\"lazy\" decoding=\"async\" title=\"AGA08\" src=\"wp-content\/themes\/buntington-child\/public\/img\/camera.png\" alt=\"AGA11\" width=\"35\" height=\"35\" border=\"0\" \/><\/a><\/td>\n<\/tr>\n<tr>\n<td colspan=\"3\"><strong>1940<\/strong><\/td>\n<\/tr>\n<tr>\n<td width=\"270\">Messe in e-Moll (2. Fassung, Bd. 13)<\/td>\n<td width=\"183\">Robert Haas \u2013 Leopold Nowak<\/td>\n<td width=\"133\"><a href=\"\/miradorAGA.php?AGA=AGA13\" target=\"_blank\" rel=\"noopener\"><img loading=\"lazy\" decoding=\"async\" title=\"AGA13\" src=\"wp-content\/themes\/buntington-child\/public\/img\/camera.png\" alt=\"AGA11\" width=\"35\" height=\"35\" border=\"0\" \/><\/a><\/td>\n<\/tr>\n<tr>\n<td colspan=\"3\"><strong>1944<\/strong><\/td>\n<\/tr>\n<tr>\n<td width=\"270\">Siebte Symphonie (Bd. 7)<\/td>\n<td width=\"183\">Robert Haas<\/td>\n<td width=\"133\"><a href=\"\/miradorAGA.php?AGA=AGA07\" target=\"_blank\" rel=\"noopener\"><img loading=\"lazy\" decoding=\"async\" title=\"AGA07\" src=\"wp-content\/themes\/buntington-child\/public\/img\/camera.png\" alt=\"AGA11\" width=\"35\" height=\"35\" border=\"0\" \/><\/a><\/td>\n<\/tr>\n<tr>\n<td width=\"270\">Messe in f-Moll (Bd. 14)<\/td>\n<td width=\"183\">Robert Haas<\/td>\n<td width=\"133\"><a href=\"\/miradorAGA.php?AGA=AGA14\" target=\"_blank\" rel=\"noopener\"><img loading=\"lazy\" decoding=\"async\" title=\"AGA14\" src=\"wp-content\/themes\/buntington-child\/public\/img\/camera.png\" alt=\"AGA11\" width=\"35\" height=\"35\" border=\"0\" \/><\/a><\/td>\n<\/tr>\n<\/tbody>\n<\/table>\n","protected":false},"excerpt":{"rendered":"<p>von Erich Wolfgang Partsch (Artikel \u201eGesamtausgaben\u201c in\u00a0Anton Bruckner. Ein Handbuch, Linz 1996, S. 175) Die komplizierte, missverst\u00e4ndliche und an Manipulationen reiche \u00dcberlieferungsgeschichte der Werke&#8230; &nbsp; <a href=\"http:\/\/www.bruckner-online.at\/?page_id=533\" class=\"moretag\">&#8230;mehr <\/a><\/p>\n","protected":false},"author":1,"featured_media":783,"parent":0,"menu_order":0,"comment_status":"closed","ping_status":"closed","template":"imageviewer.php","meta":{"footnotes":""},"class_list":["post-533","page","type-page","status-publish","has-post-thumbnail","hentry"],"_links":{"self":[{"href":"http:\/\/www.bruckner-online.at\/index.php?rest_route=\/wp\/v2\/pages\/533"}],"collection":[{"href":"http:\/\/www.bruckner-online.at\/index.php?rest_route=\/wp\/v2\/pages"}],"about":[{"href":"http:\/\/www.bruckner-online.at\/index.php?rest_route=\/wp\/v2\/types\/page"}],"author":[{"embeddable":true,"href":"http:\/\/www.bruckner-online.at\/index.php?rest_route=\/wp\/v2\/users\/1"}],"replies":[{"embeddable":true,"href":"http:\/\/www.bruckner-online.at\/index.php?rest_route=%2Fwp%2Fv2%2Fcomments&post=533"}],"version-history":[{"count":95,"href":"http:\/\/www.bruckner-online.at\/index.php?rest_route=\/wp\/v2\/pages\/533\/revisions"}],"predecessor-version":[{"id":2218,"href":"http:\/\/www.bruckner-online.at\/index.php?rest_route=\/wp\/v2\/pages\/533\/revisions\/2218"}],"wp:featuredmedia":[{"embeddable":true,"href":"http:\/\/www.bruckner-online.at\/index.php?rest_route=\/wp\/v2\/media\/783"}],"wp:attachment":[{"href":"http:\/\/www.bruckner-online.at\/index.php?rest_route=%2Fwp%2Fv2%2Fmedia&parent=533"}],"curies":[{"name":"wp","href":"https:\/\/api.w.org\/{rel}","templated":true}]}}