{"id":531,"date":"2014-06-07T10:20:00","date_gmt":"2014-06-07T08:20:00","guid":{"rendered":"http:\/\/www.bruckner-online.at\/about-us-2-2-2\/"},"modified":"2022-04-04T14:30:10","modified_gmt":"2022-04-04T12:30:10","slug":"erstdrucke","status":"publish","type":"page","link":"http:\/\/www.bruckner-online.at\/?page_id=531","title":{"rendered":"Erstdrucke (Erstver\u00f6ffentlichungen)"},"content":{"rendered":"<p style=\"text-align: justify;\">Von Bruckner selbst, seinen <a class=\"internalLink active\" title=\"\u00d6ffne Artikel &quot;Freundeskreis&quot;\" href=\"http:\/\/www.bruckner-online.at\/ABLO_d1e5337\">Freunden<\/a> und Verehrern, darunter <a class=\"internalLink active\" title=\"\u00d6ffne Artikel &quot;G\u00f6llerich, Familie&quot;\" href=\"http:\/\/www.bruckner-online.at\/ABLO_d1e1407\">August G\u00f6llerich<\/a> und <a class=\"internalLink active\" title=\"\u00d6ffne Artikel &quot;Auer, Max&quot;\" href=\"http:\/\/www.bruckner-online.at\/ABLO_d1e255\">Max Auer<\/a>, aber auch von Autoren wie Alexander Weinmann (1901\u20131987) wurde stereotyp die Meinung kolportiert, Bruckner sei nicht nur von <a class=\"internalLink active\" title=\"\u00d6ffne Artikel &quot;Musikkritik&quot;\" href=\"http:\/\/www.bruckner-online.at\/ABLO_d1e6136\">Musikkritik<\/a> und Publikum missverstanden, sondern auch von den Verlegern missachtet worden. Vielfach wurde unkritisch der Brief <a class=\"internalLink active\" title=\"\u00d6ffne Artikel &quot;Eckstein, Friedrich&quot;\" href=\"http:\/\/www.bruckner-online.at\/ABLO_d1e1017\">Friedrich Ecksteins<\/a> an Josef Sittard vom 3.4.1886 zitiert, in dem dieser berichtet, dass nur die <i><a class=\"internalLink active\" title=\"\u00d6ffne Artikel &quot;Dritte Symphonie in d-Moll (WAB 103, 1-3)&quot;\" href=\"http:\/\/www.bruckner-online.at\/ABLO_d1e9862\">Dritte Symphonie<\/a><\/i> (2.\u00a0<a class=\"internalLink active\" title=\"\u00d6ffne Artikel &quot;Fassungen&quot;\" href=\"http:\/\/www.bruckner-online.at\/ABLO_d1e5198\">Fassung<\/a>) und das <i><a class=\"internalLink active\" title=\"\u00d6ffne Artikel &quot;Te Deum (WAB 45,1-2) \u201eTe Deum laudamus\u201c&quot;\" href=\"http:\/\/www.bruckner-online.at\/ABLO_d1e10043\">Te Deum<\/a><\/i> bei <a class=\"internalLink active\" title=\"\u00d6ffne Artikel &quot;R\u00e4ttig (Verlag)&quot;\" href=\"http:\/\/www.bruckner-online.at\/ABLO_d1e8721\">R\u00e4ttig<\/a> sowie die <i><a class=\"internalLink active\" title=\"\u00d6ffne Artikel &quot;Siebente Symphonie in E-Dur (WAB 107)&quot;\" href=\"http:\/\/www.bruckner-online.at\/ABLO_d1e9927\">Siebente Symphonie<\/a><\/i> bei <a class=\"internalLink active\" title=\"\u00d6ffne Artikel &quot;Gutmann (Verlag)&quot;\" href=\"http:\/\/www.bruckner-online.at\/ABLO_d1e7573\">Gutmann<\/a> erschienen w\u00e4ren: \u201eAlles \u00fcbrige von Bruckners Partituren, vielleicht an tausend geschriebene Seiten, ist noch ungedruckt, weil sich kein Verleger finden l\u00e4\u00dft, der diese Werke in Verlag nehmen w\u00fcrde. Diese traurige Thatsache wird vielleicht einmal als culturhistorisches Exempel zu dienen haben! Die Sache ist weit trauriger, als sie es sich vorstellen d\u00fcrften, denn Bruckner, der bis heute noch keinen Heller Geld f\u00fcr alle seine Werke gesehen hat, ist gen\u00f6thigt, t\u00e4glich etwa 7\u20138 Stunden zu geben, was f\u00fcr ihn, der ein wahrhaftiges Genie ist, eine wirkliche Folter sein mu\u00df!\u201c (Briefe I, 860403). Dem muss entgegengestellt werden, dass zu Bruckners Lebzeiten 35 Werke im Druck erschienen sind, darunter sieben <a class=\"internalLink active\" title=\"\u00d6ffne Artikel &quot;Symphonien&quot;\" href=\"http:\/\/www.bruckner-online.at\/ABLO_d1e6664\">Symphonien<\/a> und drei <a class=\"internalLink active\" title=\"\u00d6ffne Artikel &quot;Messen&quot;\" href=\"http:\/\/www.bruckner-online.at\/ABLO_d1e6046\">Messen.<\/a><\/p>\n<p style=\"text-align: justify;\">Wie aus dem Verh\u00e4ltnis zur Gesamtzahl der Werke in der jeweiligen Gattung ersichtlich, wurden \u2013 dem Bild Bruckners als Symphoniker entsprechend \u2013 vor allem die Orchesterwerke publiziert, weiters die liturgisch gut verwendbaren kirchenmusikalischen Vokalwerke. Die weltlichen Vokalwerke hingegen wurden erst nach dem <a class=\"internalLink active\" title=\"\u00d6ffne Artikel &quot;Krankheiten und Tod Bruckners&quot;\" href=\"http:\/\/www.bruckner-online.at\/ABLO_d1e5866\">Tod<\/a> Bruckners in gr\u00f6\u00dferer Zahl gedruckt, obwohl 1864 bei <a class=\"internalLink active\" title=\"\u00d6ffne Artikel &quot;Kr\u00e4nzl (Verlag)&quot;\" href=\"http:\/\/www.bruckner-online.at\/ABLO_d1e8085\">Kr\u00e4nzl<\/a> in Ried im Innkreis der <i><a class=\"internalLink active\" title=\"\u00d6ffne Artikel &quot;Germanenzug (WAB 70) \u201eGermanen durchschreiten des Urwaldes\n                     Nacht\u201c&quot;\" href=\"http:\/\/www.bruckner-online.at\/ABLO_d1e9013\">Germanenzug<\/a><\/i> als erstes Werk Bruckners im Druck erschien. 1868 folgte der Druck von <i><a class=\"internalLink active\" title=\"\u00d6ffne Artikel &quot;In S. Angelum Custodem (WAB 18,1-2) \u201eIam lucis orto\n                     sidere\u201c&quot;\" href=\"http:\/\/www.bruckner-online.at\/ABLO_d1e9127\">In S.\u00a0Angelum Custodem<\/a><\/i> bei <a class=\"internalLink active\" title=\"\u00d6ffne Artikel &quot;Feichtingers Erben (Verlag)&quot;\" href=\"http:\/\/www.bruckner-online.at\/ABLO_d1e5207\">Feichtingers Erben<\/a> in <a class=\"internalLink active\" title=\"\u00d6ffne Artikel &quot;Linz&quot;\" href=\"http:\/\/www.bruckner-online.at\/ABLO_d1e7793\">Linz<\/a>. Erst nach zehn weiteren Jahren und Bruckners \u00dcbersiedlung nach <a class=\"internalLink active\" title=\"\u00d6ffne Artikel &quot;Wien&quot;\" href=\"http:\/\/www.bruckner-online.at\/ABLO_d1e8466\">Wien<\/a> kam es zur Drucklegung des n\u00e4chsten Werkes, der <i>Dritten Symphonie<\/i> (2.\u00a0Fsg.) bei R\u00e4ttig. Seit 1884 kam regelm\u00e4\u00dfig mindestens ein Werk pro Jahr heraus; Spitzenjahre waren 1886, 1892 und 1893 mit jeweils f\u00fcnf Ver\u00f6ffentlichungen.<\/p>\n<p>Weitere Details stehen in dem Artikel &#8220;<a href=\"http:\/\/www.bruckner-online.at\/ABLO_e946c3049\">Erstdrucke (Erstver\u00f6ffentlichungen)<\/a>&#8221; des Anton Bruckner-Lexikon online zur Verf\u00fcgung.<\/p>\n<p style=\"text-align: justify;\">\u00a0<div class=\"gap15\"><\/div>\n","protected":false},"excerpt":{"rendered":"<p>Von Bruckner selbst, seinen Freunden und Verehrern, darunter August G\u00f6llerich und Max Auer, aber auch von Autoren wie Alexander Weinmann (1901\u20131987) wurde stereotyp die&#8230; &nbsp; <a href=\"http:\/\/www.bruckner-online.at\/?page_id=531\" class=\"moretag\">&#8230;mehr <\/a><\/p>\n","protected":false},"author":1,"featured_media":834,"parent":0,"menu_order":0,"comment_status":"closed","ping_status":"closed","template":"page-fullwidth.php","meta":{"footnotes":""},"class_list":["post-531","page","type-page","status-publish","has-post-thumbnail","hentry"],"_links":{"self":[{"href":"http:\/\/www.bruckner-online.at\/index.php?rest_route=\/wp\/v2\/pages\/531"}],"collection":[{"href":"http:\/\/www.bruckner-online.at\/index.php?rest_route=\/wp\/v2\/pages"}],"about":[{"href":"http:\/\/www.bruckner-online.at\/index.php?rest_route=\/wp\/v2\/types\/page"}],"author":[{"embeddable":true,"href":"http:\/\/www.bruckner-online.at\/index.php?rest_route=\/wp\/v2\/users\/1"}],"replies":[{"embeddable":true,"href":"http:\/\/www.bruckner-online.at\/index.php?rest_route=%2Fwp%2Fv2%2Fcomments&post=531"}],"version-history":[{"count":46,"href":"http:\/\/www.bruckner-online.at\/index.php?rest_route=\/wp\/v2\/pages\/531\/revisions"}],"predecessor-version":[{"id":1909,"href":"http:\/\/www.bruckner-online.at\/index.php?rest_route=\/wp\/v2\/pages\/531\/revisions\/1909"}],"wp:featuredmedia":[{"embeddable":true,"href":"http:\/\/www.bruckner-online.at\/index.php?rest_route=\/wp\/v2\/media\/834"}],"wp:attachment":[{"href":"http:\/\/www.bruckner-online.at\/index.php?rest_route=%2Fwp%2Fv2%2Fmedia&parent=531"}],"curies":[{"name":"wp","href":"https:\/\/api.w.org\/{rel}","templated":true}]}}