{"id":457,"date":"2014-06-09T07:48:34","date_gmt":"2014-06-09T05:48:34","guid":{"rendered":"http:\/\/www.bruckner-online.at\/full-width-page-2-3-2\/"},"modified":"2015-03-15T09:28:31","modified_gmt":"2015-03-15T08:28:31","slug":"leben_wien_3","status":"publish","type":"page","link":"http:\/\/www.bruckner-online.at\/?page_id=457","title":{"rendered":"Leben : Wien III. (1890 &#8211; 1896)"},"content":{"rendered":"<p>zusammengestellt von Alexandra Jud und Damaris Leimgruber (aus: Hans-Joachim Hinrichsen (Hg.): <em>Bruckner-Handbuch<\/em>, Stuttgart 2010, S. XIII-XXIII).<\/p>\n<div class=\"col-lg-2 col-md-2 col-sm-2 col-xs-12\"> <strong>1890<\/strong><\/div>\n<div class=\"col-lg-10 col-md-10 col-sm-10 col-xs-12\">\n\u25a0 Gr\u00fcndung eines G\u00f6nner-<em>Consortiums<\/em> f\u00fcr Bruckner zur Gew\u00e4hrleistung einer Jahresrente von 1000 Gulden.<br \/>\n\u25a0 M\u00e4rz: Kaiser Franz Joseph I. nimmt die Widmung der <em>Achten Sinfonie<\/em> an.<br \/>\n\u25a0 12. Juli: Beurlaubung vom Unterricht am Konservatorium wegen Krankheitssymptomen.<br \/>\n\u25a0 31. Juli: Organist bei der Hochzeit von Erzherzogin Marie Valerie in der Ischler Pfarrkirche.<br \/>\n\u25a0 14. Oktober: Hugo Wolf kann seine T\u00fcbinger Freunde wie auch Engelbert Humperdinck f\u00fcr die<br \/>\nUnterst\u00fctzung von Bruckners Person und Werk gewinnen.<br \/>\n\u25a0 30. Oktober: Gew\u00e4hrung einer j\u00e4hrlichen Ehrengabe von 400 Gulden durch den Ober\u00f6sterreichischen Landtag.<br \/>\n\u25a0 November: zu den Universit\u00e4tssch\u00fclern z\u00e4hlen C. Bilinski, H.J. Hermann, E. Hrkal, F. von Kraus,<br \/>\nO. Trebitsch.<\/p>\n<p>Werke:<strong><br \/>\n<\/strong><\/p>\n<p>\u25a0 10. M\u00e4rz: <em>Achte Sinfonie<\/em> (2. Fassung) vollendet.<br \/>\n\u25a0 12. M\u00e4rz: Beginn der Umarbeitung der <em>Ersten Sinfonie<\/em>.<br \/>\n\u25a0 21. Dezember: Erstauff\u00fchrung der <em>Dritten Sinfonie <\/em>(3. Fassung) unter Hans Richter in Wien.<br \/>\n\u25a0 Druck der <em>Dritten Sinfonie<\/em> (3. Fassung) bei R\u00e4ttig.<br \/>\n<\/div>\n<div class=\"gap10\"><\/div>\n<hr \/>\n<div class=\"col-lg-2 col-md-2 col-sm-2 col-xs-12\"><strong>1891<\/strong><\/div>\n<div class=\"col-lg-10 col-md-10 col-sm-10 col-xs-12\">\n\u25a0 15. Januar: definitive Dienstenthebung von der Stelle am Konservatorium auf Bruckners eigenen Wunsch.<br \/>\n\u25a0 15. Januar: Ehrenmitglied der Gesellschaft der Musikfreunde in Wien.<br \/>\n\u25a0 7. November: Ehrendoktorw\u00fcrde der Universit\u00e4t Wien.<\/p>\n<p>Werke:<\/p>\n<p>\u25a0 15. Januar: Erstauff\u00fchrung des Chores <em>Tr\u00e4umen und Wachen<\/em> (WAB 87) an der Grillparzerfeier in Wien unter Bruckners Leitung.<br \/>\n\u25a0 Januar: umfangreiche Revision der <em>Ersten Sinfonie<\/em> weitgehend beendet (2. Fassung = sogenannte <em>Wiener Fassung<\/em>).<br \/>\n\u25a0 18. Februar: Wiederaufnahme der Arbeit an der <em>Neunten Sinfonie<\/em>, die aber (ab Oktober) zugunsten der Durchsicht der <em>Zweiten Sinfonie <\/em>f\u00fcr den Druck wieder unterbrochen wird.<br \/>\n\u25a0 18. April: endg\u00fcltiges Abschlussdatum der Revision der <em>Ersten Sinfonie<\/em>.<br \/>\n\u25a0 31. Mai: Auff\u00fchrung des <em>Te Deum<\/em> unter Siegfried Ochs in Berlin im Beisein Bruckners, auf der R\u00fcckreise Aufenthalt in Dresden.<br \/>\n\u25a0 13. Dezember: Erstauff\u00fchrung der <em>Ersten Sinfonie<\/em> (<em>Wiener Fassung<\/em>) unter Hans Richter in Wien; Bruckner widmet diese Fassung der Wiener Universit\u00e4t als Dank f\u00fcr das Ehrendoktorat.<\/p>\n<\/div>\n<div class=\"gap10\"><\/div>\n<hr \/>\n<div class=\"col-lg-2 col-md-2 col-sm-2 col-xs-12\"><strong>1892<\/strong><\/div>\n<div class=\"col-lg-10 col-md-10 col-sm-10 col-xs-12\">\n\u25a0 Gesundheitszustand verschlechtert sich zusehends.<br \/>\n\u25a0 Juli: letzter Besuch in Bayreuth.<br \/>\n\u25a0 28. Oktober: Beendigung des Dienstes an der Hofmusikkapelle.<\/p>\n<p>Werke:<\/p>\n<p>\u25a0 Karfreitag (15. April): Auff\u00fchrung des <em>Te Deum <\/em>in Hamburg unter Gustav Mahler.<br \/>\n\u25a0 29. Juni: <em>150. Psalm<\/em> (WAB 38) vollendet; 13. November: Erstauff\u00fchrung unter Wilhelm Gericke in Wien.<br \/>\n\u25a0 18. Dezember: Erstauff\u00fchrung der <em>Achten Sinfonie<\/em> (2. Fassung) unter Hans Richter in Wien.<br \/>\n\u25a0 Druck der <em>Zweiten Sinfonie<\/em> bei Doblinger, der <em>Achten Sinfonie<\/em> (2. Fassung, bearbeitet von Josef Schalk) bei Schlesinger, der <em>d-Moll-Messe<\/em> bei Gross.<br \/>\n\u25a0 Neuausgabe des <em>Germanenzugs <\/em>bei Robitschek.<br \/>\n<\/div>\n<div class=\"gap10\"><\/div>\n<hr \/>\n<div class=\"col-lg-2 col-md-2 col-sm-2 col-xs-12\"><strong>1893<\/strong><\/div>\n<div class=\"col-lg-10 col-md-10 col-sm-10 col-xs-12\">\n\u25a0 Bruckner ist wegen Wassersucht, Herzschw\u00e4che und Atemnot wiederholt bettl\u00e4gerig.<br \/>\n\u25a0 22. September: Ehrenmitglied des Wiener M\u00e4nnergesang-Vereins.<br \/>\n\u25a0 10. November: Bruckner verfasst sein Testament.<\/p>\n<p>Werke:<\/p>\n<p>\u25a0 31. M\u00e4rz: Auff\u00fchrung des <em>Te Deum<\/em> und, als Erstauff\u00fchrung au\u00dferhalb \u00d6sterreichs, der <em>d-Moll-Messe<\/em> durch Gustav Mahler in Hamburg.<br \/>\n\u25a0 April bis 7. August: <em>Helgoland<\/em> (WAB 71).<br \/>\n\u25a0 8. Oktober: Erstauff\u00fchrung von<em> Helgoland<\/em> unter Eduard Kremser in Wien anl\u00e4sslich der 50-Jahr-Feier des Wiener M\u00e4nnergesang-Vereins.<br \/>\n\u25a0 23. Dezember: Kopfsatz der <em>Neunten Sinfonie<\/em> vollendet.<br \/>\n\u25a0 Druck der <em>Ersten Sinfonie<\/em> (<em>Wiener Fassung<\/em>) und des <em>150. Psalms<\/em> bei Doblinger.<br \/>\n<\/div>\n<div class=\"gap10\"><\/div>\n<hr \/>\n<div class=\"col-lg-2 col-md-2 col-sm-2 col-xs-12\"><strong>1894<\/strong><\/div>\n<div class=\"col-lg-10 col-md-10 col-sm-10 col-xs-12\">\n\u25a0 6. Januar: Bruckner ist anwesend bei der Auff\u00fchrung der <em>Siebten Sinfonie<\/em> unter Karl Muck in Berlin.<br \/>\n\u25a0 8. Januar: Bruckner ist bei der Auff\u00fchrung des <em>Te Deum <\/em>unter Siegfried Ochs in Berlin; bei diesem Berlin-Aufenthalt letzter dokumentierter Heiratsantrag Bruckners (an das Stubenm\u00e4dchen des Hotels <em>Kaiserhof<\/em>, Ida Buhz).<br \/>\n\u25a0 2. M\u00e4rz: Ehrengabe der philosophischen Fakult\u00e4t der Universit\u00e4t Wien von 1200 Gulden j\u00e4hrlich anstelle der Lektoratsremuneration.<br \/>\n\u25a0 11. Juli: Ehrenb\u00fcrger von Linz.<br \/>\n\u25a0 4. September: Ehrenmitglied des Wiener Schubertbundes.<br \/>\n\u25a0 25. September: Kodizill zum Testament.<br \/>\n\u25a0 12. November: letzte Vorlesung an der Universit\u00e4t.<br \/>\n\u25a0 Weihnachten: letztes Orgelspiel in Klosterneuburg.<\/p>\n<p>Werke:<\/p>\n<p>\u25a015. Februar: Scherzo der <em>Neunten Sinfonie<\/em> vollendet.<br \/>\n\u25a0 9. April: Erstauff\u00fchrung der <em>F\u00fcnften Sinfonie<\/em> unter Franz Schalk in Graz (in der Bearbeitung von F. Schalk) in Abwesenheit Bruckners.<br \/>\n\u25a0 25. November: Erstauff\u00fchrung der <em>Zweiten Sinfonie<\/em> (Druckfassung) unter Hans Richter in Wien.<br \/>\n\u25a0 30. November: Vollendung des dritten Satzes (Adagio) der <em>Neunten Sinfonie<\/em>.<br \/>\n\u25a0 Druck der <em>f-Moll-Messe <\/em>bei Doblinger.<br \/>\n<\/div>\n<div class=\"gap10\"><\/div>\n<hr \/>\n<div class=\"col-lg-2 col-md-2 col-sm-2 col-xs-12\"><strong>1895<\/strong><\/div>\n<div class=\"col-lg-10 col-md-10 col-sm-10 col-xs-12\">\n\u25a0 8. April: Bruckner erh\u00e4lt ein Exemplar seiner ersten, von Franz Brunner verfassten Biographie.<br \/>\n\u25a0 12. Mai: Enth\u00fcllung einer Gedenktafel am Geburtshaus in Ansfelden durch die Liedertafel <em>Frohsinn<\/em>.<br \/>\n\u25a0 4. Juli: \u00dcbersiedelung von der He\u00dfgasse, wo das Treppensteigen zu beschwerlich wird, in eine Parterrewohnung des <em>Kustodenst\u00f6ckl<\/em> am Oberen Belvedere (3. Bezirk), die Bruckner durch Vermittlung der Erzherzogin Marie Valerie vom Kaiser zur Verf\u00fcgung gestellt wird.<\/p>\n<p>Werke:<\/p>\n<p>\u25a0 24. Mai: Beginn der Arbeit am Finale der <em>Neunten Sinfonie<\/em>.<br \/>\n\u25a0 4. Dezember: Auff\u00fchrung von Bruckners <em>Requiem <\/em>unter Franz Bayer in Steyr anl\u00e4sslich des Todes von Pfarrer Aichinger.<br \/>\n\u25a0 18. Dezember: Budapester Erstauff\u00fchrung der <em>F\u00fcnften Sinfonie <\/em>unter Ferdinand L\u00f6we.<\/p>\n<\/div>\n<div class=\"gap10\"><\/div>\n<hr \/>\n<div class=\"col-lg-2 col-md-2 col-sm-2 col-xs-12\"><strong>1896<\/strong><\/div>\n<div class=\"col-lg-10 col-md-10 col-sm-10 col-xs-12\">\n\u25a0 August: letzter Besuch Otto Kitzlers bei Bruckner.<br \/>\n\u25a0 11. Oktober: Tod Bruckners.<br \/>\n\u25a0 14. Oktober: Einsegnung in der Wiener Karlskirche und \u00dcberf\u00fchrung nach St. Florian.<br \/>\n\u25a0 15. Oktober: Beisetzung gem\u00e4\u00df Bruckners Wunsch in der Gruft unter der gro\u00dfen Orgel in der Stiftskirche St. Florian.<br \/>\n\u25a0 26. November: \u00dcbernahme der testamentarisch vermachten Manuskripte durch die Wiener Hofbibliothek (heute \u00d6sterreichische Nationalbibliothek).<\/p>\n<p>Werke:<\/p>\n<p>\u25a0 Weiterarbeit am Finale der <em>Neunten Sinfonie<\/em> (unvollendet).<br \/>\n\u25a0 \u00dcberarbeitung der <em>e-Moll-Messe<\/em> f\u00fcr den Druck.<br \/>\n\u25a0 Druck der <em>F\u00fcnften Sinfonie<\/em> (in der Bearbeitung von Franz Schalk) und der <em>e-Moll-Messe <\/em>(2. Fassung mit kleinen Korrekturen) bei Doblinger.<br \/>\n<\/div>\n<div class=\"gap10\"><\/div>\n","protected":false},"excerpt":{"rendered":"<p>zusammengestellt von Alexandra Jud und Damaris Leimgruber (aus: Hans-Joachim Hinrichsen (Hg.): Bruckner-Handbuch, Stuttgart 2010, S. XIII-XXIII).<\/p>\n","protected":false},"author":1,"featured_media":730,"parent":0,"menu_order":0,"comment_status":"closed","ping_status":"closed","template":"page-fullwidth.php","meta":{"footnotes":""},"class_list":["post-457","page","type-page","status-publish","has-post-thumbnail","hentry"],"_links":{"self":[{"href":"http:\/\/www.bruckner-online.at\/index.php?rest_route=\/wp\/v2\/pages\/457"}],"collection":[{"href":"http:\/\/www.bruckner-online.at\/index.php?rest_route=\/wp\/v2\/pages"}],"about":[{"href":"http:\/\/www.bruckner-online.at\/index.php?rest_route=\/wp\/v2\/types\/page"}],"author":[{"embeddable":true,"href":"http:\/\/www.bruckner-online.at\/index.php?rest_route=\/wp\/v2\/users\/1"}],"replies":[{"embeddable":true,"href":"http:\/\/www.bruckner-online.at\/index.php?rest_route=%2Fwp%2Fv2%2Fcomments&post=457"}],"version-history":[{"count":13,"href":"http:\/\/www.bruckner-online.at\/index.php?rest_route=\/wp\/v2\/pages\/457\/revisions"}],"predecessor-version":[{"id":1037,"href":"http:\/\/www.bruckner-online.at\/index.php?rest_route=\/wp\/v2\/pages\/457\/revisions\/1037"}],"wp:featuredmedia":[{"embeddable":true,"href":"http:\/\/www.bruckner-online.at\/index.php?rest_route=\/wp\/v2\/media\/730"}],"wp:attachment":[{"href":"http:\/\/www.bruckner-online.at\/index.php?rest_route=%2Fwp%2Fv2%2Fmedia&parent=457"}],"curies":[{"name":"wp","href":"https:\/\/api.w.org\/{rel}","templated":true}]}}