{"id":455,"date":"2014-06-09T07:48:34","date_gmt":"2014-06-09T05:48:34","guid":{"rendered":"http:\/\/www.bruckner-online.at\/full-width-page-2-3\/"},"modified":"2019-08-28T14:16:59","modified_gmt":"2019-08-28T12:16:59","slug":"leben_wien_2","status":"publish","type":"page","link":"http:\/\/www.bruckner-online.at\/?page_id=455","title":{"rendered":"Leben : Wien II. (1878 &#8211; 1889)"},"content":{"rendered":"<p>zusammengestellt von Alexandra Jud und Damaris Leimgruber (aus: Hans-Joachim Hinrichsen (Hg.): <em>Bruckner-Handbuch<\/em>, Stuttgart 2010, S. XIII-XXIII).<\/p>\n<div class=\"col-lg-2 col-md-2 col-sm-2 col-xs-12\"> <strong>1878<\/strong><\/div>\n<div class=\"col-lg-10 col-md-10 col-sm-10 col-xs-12\">\n\u25a0 1. Februar: Bruckner wird <em>wirkliches<\/em> (ordentliches) Mitglied der Hofmusikkapelle.<br \/>\n\u25a0 Im Oktober z\u00e4hlen zu Bruckners Sch\u00fclern J. Korngold, R. Dittrich, F. Schalk, H.P. Vergeiner, A. Zamara, A. Mei\u00dfner, C. Bernhard \u00d6hn, F. Brischar, F. Burgarth und E. Denhof.<\/p>\n<p>Werke:<\/p>\n<p>\u25a0 13. Januar: Vollendung des M\u00e4nnerchores <em>Abendzauber<\/em> (WAB 57).<br \/>\n\u25a0 30. M\u00e4rz: Vollendung der Litanei <em>Tota pulchra es<\/em> (WAB46).<br \/>\n\u25a0 Dezember: Beginn des <em>Streichquintetts<\/em> (WAB 112).<br \/>\n\u25a0 Arbeit an der 2. Fassung der <em>Vierten Sinfonie<\/em>.<\/p>\n<\/div>\n<div class=\"gap10\"><\/div>\n<hr \/>\n<div class=\"col-lg-2 col-md-2 col-sm-2 col-xs-12\"><strong>1879<\/strong><\/div>\n<div class=\"col-lg-10 col-md-10 col-sm-10 col-xs-12\">\n\u25a0 10. November: erste Datierung einer Mitschrift von Bruckners Universit\u00e4tsvorlesung durch den sp\u00e4teren Benediktinerpater Oddo Loidol.<br \/>\n\u25a0 im November z\u00e4hlen zu Bruckners Sch\u00fclern auch J. Aichinger, O. von Liebig, J. Schnabl und R. Steiner.<\/p>\n<p>Werke:<\/p>\n<p>\u25a0 12. Juli: <em>Streichquintett<\/em> vollendet.<br \/>\n\u25a0 18. Juli: Komposition des Graduale <em>Os justi<\/em> (WAB 30).<br \/>\n\u25a0 28. Juli: Komposition des <em>lnveni David <\/em>(I, WAB 20).<br \/>\n\u25a0 28. August: Erstauff\u00fchrung des Graduale <em>Os justi<\/em> und des <em>Inveni David<\/em> unter Ignaz Traumihler in St. Florian im Beisein Bruckners.<br \/>\n\u25a0 August\/September: Beginn der Arbeit an der <em>Sechsten Sinfonie<\/em>.<br \/>\n\u25a0 Herbst: Druck der <em>Dritten Sinfonie<\/em> (1. Druckfassung = 2. Fassung) bei R\u00e4ttig.<br \/>\n\u25a0 21. Dezember: <em>Intermezzo<\/em> d-Moll (WAB 113) zum <em>Streichquintett<\/em> vollendet.<br \/>\n<\/div>\n<div class=\"gap10\"><\/div>\n<hr \/>\n<div class=\"col-lg-2 col-md-2 col-sm-2 col-xs-12\"><strong>1880<\/strong><\/div>\n<div class=\"col-lg-10 col-md-10 col-sm-10 col-xs-12\">\n\u25a0 Anfang 1880: Bruckner interessiert sich f\u00fcr das Opernlibretto &#8220;Ilse&#8221; von F. Schaumann.<br \/>\n\u25a0 9. August: erfolglose Bewerbung bei Eduard Kremser um die Stelle des zweiten Chormeisters beim Wiener M\u00e4nnergesang-Verein.<br \/>\n\u25a0 August\/September: Reise nach Oberammergau (dort Besuch des Passionsspiels), M\u00fcnchen und in die Schweiz; Orgelspiel u.a. in Z\u00fcrich, Genf, Bern und Luzern.<br \/>\n\u25a0 Ab November neue Sch\u00fcler: F. Cambala, R. Haas, J. Petters, E. Spiegler, A. Stephani.<\/p>\n<p>Werke:<\/p>\n<p>\u25a0 Vollendung der <em>Vierten Sinfonie<\/em> (WAB 107, 2. Fassung mit 3. Fassung des Finales).<br \/>\n\u25a0 6. Juni: erfolgreiche Wiener Auff\u00fchrung der <em>d-Moll-Messe<\/em> (WAB 26) unter Bruckners Leitung.<br \/>\n<\/div>\n<div class=\"gap10\"><\/div>\n<hr \/>\n<div class=\"col-lg-2 col-md-2 col-sm-2 col-xs-12\"><strong>1881<\/strong><\/div>\n<div class=\"col-lg-10 col-md-10 col-sm-10 col-xs-12\">\n\u25a0 8. Dezember: Brand des Ringtheaters in der N\u00e4he von Bruckners Wohnung.<\/p>\n<p>Werke:<\/p>\n<p>\u25a0 20. Februar: Erstauff\u00fchrung der<em> Vierten Sinfonie<\/em> (2. Fassung) unter Hans Richter in Wien in einem Programm mit Werken von Beethoven und B\u00fclow (Beethoven: Ouvert\u00fcre zu <em>K\u00f6nig Stephan <\/em>und Klavierkonzert Nr . 4 mit Hans von B\u00fclow als Solist, B\u00fclow: Orchesterballade <em>Des S\u00e4ngers Fluch<\/em> unter dem Dirigat Hans von B\u00fclows).<br \/>\n\u25a0 3. bis 17. Mai: Entwurf des <em>Te Deum <\/em>(WAB 45).<br \/>\n\u25a0 3. September: <em>Sechste Sinfonie<\/em> vollendet.<br \/>\n\u25a0 23. September: Beginn der Arbeit an der <em>Siebten Sinfonie<\/em>.<br \/>\n\u25a0 17. November: Erstauff\u00fchrung des <em>Streichquintetts<\/em> (ohne Finale) in Wien durch Winkler, Lillich, Kreuzinger, Desing und Lucca.<br \/>\n\u25a0 10. Dezember: Auff\u00fchrung der <em>Vierten Sinfonie<\/em> unter Bruckners fr\u00fcherem Sch\u00fcler Felix Mottl in Karlsruhe (erste Auff\u00fchrung eines Werkes von Bruckner in Deutschland).<br \/>\n<\/div>\n<div class=\"gap10\"><\/div>\n<hr \/>\n<div class=\"col-lg-2 col-md-2 col-sm-2 col-xs-12\"><strong>1882<\/strong><\/div>\n<div class=\"col-lg-10 col-md-10 col-sm-10 col-xs-12\">\n\u25a0 12. Januar: Bewerbung um Ehrendoktorat der Universit\u00e4t Cambridge (vielleicht nie abgeschickt).<br \/>\n\u25a0 26. Juli: Urauff\u00fchrung des <em>Parsifal<\/em> in Bayreuth; Bruckner wohnt der dritten Auff\u00fchrung am 30. Juli bei.<\/p>\n<p>Werke:<\/p>\n<p>\u25a0 \u00dcberarbeitung der <em>e-Moll-Messe<\/em>.<br \/>\n\u25a0 \u00dcberarbeitung der <em>d-Moll-Messe<\/em> (<em>neu verbessert<\/em>, 1881\/82).<br \/>\n<\/div>\n<div class=\"gap10\"><\/div>\n<hr \/>\n<div class=\"col-lg-2 col-md-2 col-sm-2 col-xs-12\"><strong>1883<\/strong><\/div>\n<div class=\"col-lg-10 col-md-10 col-sm-10 col-xs-12\">\n\u25a0 13. Februar: Tod Richard Wagners. Die Nachricht erreicht Bruckner w\u00e4hrend der Arbeit am Adagio zur <em>Siebten Sinfonie<\/em>.<br \/>\n\u25a0 13. November: Ehrenmitglied der Liedertafel V\u00f6cklabruck.<br \/>\n\u25a0 November: als Bruckners Universit\u00e4tssch\u00fcler schreiben sich E. Mirus, H. Pietschmann, E. Reimer und R. Scharpff ein.<\/p>\n<p>Werke:<\/p>\n<p>\u25a0 10. Februar: Erstauff\u00fchrung des ersten und dritten Satzes der <em>Siebten Sinfonie<\/em> mit Josef Schalk und Franz Zottmann an zwei Klavieren in Wien.<br \/>\n\u25a0 11. Februar: Erstauff\u00fchrung der Mittels\u00e4tze der <em>Sechsten Sinfonie<\/em> in Wien unter Wilhelm Jahn in Anwesenheit Bruckners.<br \/>\n\u25a0 3. September: Vollendung der <em>Siebten Sinfonie<\/em> in St. Florian.<br \/>\n\u25a0 28. September: Wiederaufnahme der Arbeit am <em>Te Deum<\/em>.<br \/>\n<\/div>\n<div class=\"gap10\"><\/div>\n<hr \/>\n<div class=\"col-lg-2 col-md-2 col-sm-2 col-xs-12\"><strong>1884<\/strong><\/div>\n<div class=\"col-lg-10 col-md-10 col-sm-10 col-xs-12\">\n\u25a0 April: Besuch bei Franz Liszt im Wiener Schottenhof anl\u00e4sslich der geplanten Widmung der <em>Zweiten Sinfonie<\/em>.<br \/>\n\u25a0 im Sommer auf der R\u00fcckreise von Bayreuth Aufenthalt in M\u00fcnchen.<br \/>\n\u25a0 Oktober: Widmung des <em>Streichquintetts<\/em> an Herzog Max Emanuel in Bayern.<br \/>\n\u25a0 28. Dezember: Aufsatz von Hugo Wolf \u00fcber Bruckner im Salonblatt.<\/p>\n<p>Werke:<\/p>\n<p>\u25a0 27. Februar: Erstauff\u00fchrung der <em>Siebten Sinfonie<\/em> mit Ferdinand L\u00f6we und Josef Schalk an zwei Klavieren in Wien.<br \/>\n\u25a0 16. M\u00e4rz: Vollendung des <em>Te Deum<\/em>.<br \/>\n\u25a0 5. April: Erstauff\u00fchrung des <em>Streichquintetts<\/em> (komplett) durch das erweiterte Winkler-Quartett (Winkler, Lillich, Schalk, Kreuzinger, Hummer).<br \/>\n\u25a0 vermutlich Juni\/Juli: Beginn der Arbeit an der <em>Achten Sinfonie<\/em>.<br \/>\n\u25a0 30. Dezember: Erstauff\u00fchrung der <em>Siebten Sinfonie<\/em> in Leipzig unter Arthur Nikisch in Anwesenheit Bruckners.<br \/>\n\u25a0 Druck des <em>Streichquintetts<\/em> bei Gutmann.<br \/>\n<\/div>\n<div class=\"gap10\"><\/div>\n<hr \/>\n<div class=\"col-lg-2 col-md-2 col-sm-2 col-xs-12\"><strong>1885<\/strong><\/div>\n<div class=\"col-lg-10 col-md-10 col-sm-10 col-xs-12\">\n\u25a0 22. Januar: Ehrenmitglied des Wiener Akademischen Wagner-Vereins.<br \/>\n\u25a0 24. M\u00e4rz: Gesuch um Ehrendoktorat an der Universit\u00e4t Philadelphia (vielleicht nie abgeschickt).<br \/>\n\u25a0 Projekt einer von August G\u00f6llerich (jun.) zu verfassenden Biographie Bruckners nimmt Gestalt an.<\/p>\n<p>Werke:<\/p>\n<p>\u25a0 8. Januar: Auff\u00fchrung des <em>Streichquintetts<\/em> durch das Hellmesberger-Quartett, in einem Programm mit Werken von Mozart und Beethoven.<br \/>\n\u25a0 27. Januar: Auff\u00fchrung der Mittels\u00e4tze der <em>Siebten Sinfonie<\/em> unter Nikisch in Leipzig.<br \/>\n\u25a0 10. M\u00e4rz: Auff\u00fchrung der <em>Siebten Sinfonie <\/em>in M\u00fcnchen unter Hermann Levi in Anwesenheit Bruckners. Diese Auff\u00fchrung bewirkt den endg\u00fcltigen Durchbruch Bruckners in Deutschland; 11. M\u00e4rz: eine Auff\u00fchrung von Wagners <em>Walk\u00fcre <\/em>unter Levi in M\u00fcnchen wird mit einer kleinen Bruckner-Feier beschlossen.<br \/>\n\u25a0 2. Mai: Erstauff\u00fchrung des <em>Te Deum<\/em> mit Begleitung zweier Klaviere unter Bruckners Leitung in Wien (Akademischer Wagner-Verein).<br \/>\n\u25a0 4. Oktober: Erstauff\u00fchrung der <em>e-Moll-Messe<\/em> (2. Fassung) in Linz durch den Linzer Musikverein unter Adalbert Schreyer.<br \/>\n\u25a0 5. Dezember: Auff\u00fchrung der <em>Dritten Sinfonie<\/em> in New York unter Walter Damrosch (erste Auff\u00fchrung eines Werkes von Bruckner in den USA).<br \/>\n\u25a0 11. Dezember: Auff\u00fchrung der <em>Dritten Sinfonie <\/em>in Dresden unter Ernst von Schuch.<br \/>\n\u25a0 Druck der <em>Siebten Sinfonie<\/em> bei Gutmann und des <em>Te Deum <\/em>bei R\u00e4ttig.<br \/>\n<\/div>\n<div class=\"gap10\"><\/div>\n<hr \/>\n<div class=\"col-lg-2 col-md-2 col-sm-2 col-xs-12\"><strong>1886<\/strong><\/div>\n<div class=\"col-lg-10 col-md-10 col-sm-10 col-xs-12\">\n\u25a0 M\u00e4rz: Widmung der <em>Siebten Sinfonie<\/em> an K\u00f6nig Ludwig II. von Bayern.<br \/>\n\u25a0 9. Juli: Ritterkreuz des Franz-Joseph-Ordens.<br \/>\n\u25a0 August: Besuch von <em>Tristan und Isolde<\/em> sowie <em>Parsifal<\/em> in Bayreuth; 4. August: in Bayreuth Organist bei der Totenfeier f\u00fcr Franz Liszt.<br \/>\n\u25a0 23. September: Audienz bei Kaiser Franz Joseph I.<br \/>\n\u25a0 1885\/1886: 25 Auff\u00fchrungen der <em>Siebten Sinfonie<\/em> in Deutschland, weitere Auff\u00fchrungen in \u00d6sterreich und den USA.<\/p>\n<p>Werke:<\/p>\n<p>\u25a0 10. Januar: Erstauff\u00fchrung des <em>Te Deum<\/em> mit Orchester unter Hans Richter in Wien.<br \/>\n\u25a0 14. M\u00e4rz: \u00d6sterreichische Erstauff\u00fchrungen der <em>Siebten Sinfonie<\/em> unter Karl Muck in Graz im Beisein Bruckners und am 21. M\u00e4rz unter Hans Richter in Wien.<br \/>\n\u25a0 7. April: Auff\u00fchrung des <em>Te Deum <\/em>unter Hermann Levi in M\u00fcnchen in Anwesenheit Bruckners, anschlie\u00dfend in Karlsruhe und in Linz.<br \/>\n\u25a0 18. April: Gustav Mahler dirigiert in Prag das Scherzo der <em>Dritten Sinfonie<\/em> und beginnt damit seine Laufbahn als Bruckner-Dirigent.<br \/>\n\u25a0 29. Juli: Auff\u00fchrung der <em>Siebten Sinfonie <\/em>unter Theodore Thomas in Chicago, zudem Auff\u00fchrungen in Boston und New York.<br \/>\n\u25a0 Druck des <em>Christus factus est<\/em> III (WAB 11), des <em>Locus iste<\/em> (WAB 23), des <em>Os justi<\/em> (WAB 30) und des <em>Virga jesse<\/em> (WAB 52) bei R\u00e4ttig unter dem Titel <em>Vier Graduale [ &#8230; ] von Anton Bruckner<\/em>.<br \/>\n<\/div>\n<div class=\"gap10\"><\/div>\n<hr \/>\n<div class=\"col-lg-2 col-md-2 col-sm-2 col-xs-12\"><strong>1887<\/strong><\/div>\n<div class=\"col-lg-10 col-md-10 col-sm-10 col-xs-12\">\n\u25a0 10. Juni: Ernennung zum korrespondierenden Mitglied der Amsterdamer <em>Maatschappij tot bevordering van Toonkunst<\/em>.<br \/>\n\u25a0 Herbst: Ablehnung einer Auff\u00fchrung der <em>Achten Sinfonie<\/em> durch Levi, zun\u00e4chst mit brieflicher Mitteilung Levis an Franz Schalk (30. September); f\u00fcr Bruckner wird dies der Anlass zu tiefgreifender Umarbeitung des Werkes, zugunsten derer die gerade begonnene Arbeit an der <em>Neunten Sinfonie<\/em> zur\u00fcckgestellt wird.<\/p>\n<p>Werke:<\/p>\n<p>\u25a0 20. April: Erstauff\u00fchrung der<em> F\u00fcnften Sinfonie<\/em> in der Fassung f\u00fcr zwei Klaviere mit Josef Schalk und Franz Zottmann in Wien.<br \/>\n\u25a0 4. April: Auff\u00fchrung der <em>Siebten Sinfonie<\/em> unter S\u00e1ndor Erkel in Budapest.<br \/>\n\u25a0 9.\/10. August: <em>Achte Sinfonie<\/em> (1. Fassung) vollendet.<br \/>\n\u25a0 21. September: Beginn der Arbeit an der <em>Neunten Sinfonie<\/em>.<br \/>\n\u25a0 Oktober: Beginn der Umarbeitung der <em>Achten Sinfonie<\/em>, die aber zugunsten der Revision der <em>Dritten Sinfonie<\/em> unterbrochen wird.<br \/>\n\u25a0 Druck des <em>Tota pulchra es <\/em>(WAB 46) bei Wetzler.<br \/>\n<\/div>\n<div class=\"gap10\"><\/div>\n<hr \/>\n<div class=\"col-lg-2 col-md-2 col-sm-2 col-xs-12\"><strong>1888<\/strong><\/div>\n<div class=\"col-lg-10 col-md-10 col-sm-10 col-xs-12\">\n\u25a0 Juli: Reise nach Bayreuth, wo erstmals die <em>Meistersinger<\/em> unter Hans Richter aufgef\u00fchrt werden.<\/p>\n<p>Werke:<\/p>\n<p>\u25a0 22. Januar: Erstauff\u00fchrung der <em>Vierten Sinfonie<\/em> (3. Fassung) unter Hans Richter in Wien.<br \/>\n\u25a0 4. April: Auff\u00fchrung der <em>Vierten Sinfonie<\/em> (3. Fassung) unter Anton Seidl in New York.<br \/>\n<\/div>\n<div class=\"gap10\"><\/div>\n<hr \/>\n<div class=\"col-lg-2 col-md-2 col-sm-2 col-xs-12\"><strong>1889<\/strong><\/div>\n<div class=\"col-lg-10 col-md-10 col-sm-10 col-xs-12\">\n\u25a0 22. Januar: Ehrenmitglied des Wiener Akademischen Gesangvereins.<br \/>\n\u25a0 Bewerbung um die Kapellmeisterstelle am Burgtheater.<\/p>\n<p>Werke:<\/p>\n<p>\u25a0 Ende der Umarbeitung der <em>Dritten Sinfonie<\/em> (3. Fassung); ab M\u00e4rz: Fortsetzung (bzw. eigentlicher Beginn) der Umarbeitung der <em>Achten Sinfonie<\/em>.<br \/>\n\u25a0 Druck der <em>Vierten Sinfonie <\/em>(in der Einrichtung Ferdinand L\u00f6wes) bei Gutmann.<br \/>\n<\/div>\n<div class=\"gap10\"><\/div>\n","protected":false},"excerpt":{"rendered":"<p>zusammengestellt von Alexandra Jud und Damaris Leimgruber (aus: Hans-Joachim Hinrichsen (Hg.): Bruckner-Handbuch, Stuttgart 2010, S. XIII-XXIII).<\/p>\n","protected":false},"author":1,"featured_media":976,"parent":0,"menu_order":0,"comment_status":"closed","ping_status":"closed","template":"page-fullwidth.php","meta":{"footnotes":""},"class_list":["post-455","page","type-page","status-publish","has-post-thumbnail","hentry"],"_links":{"self":[{"href":"http:\/\/www.bruckner-online.at\/index.php?rest_route=\/wp\/v2\/pages\/455"}],"collection":[{"href":"http:\/\/www.bruckner-online.at\/index.php?rest_route=\/wp\/v2\/pages"}],"about":[{"href":"http:\/\/www.bruckner-online.at\/index.php?rest_route=\/wp\/v2\/types\/page"}],"author":[{"embeddable":true,"href":"http:\/\/www.bruckner-online.at\/index.php?rest_route=\/wp\/v2\/users\/1"}],"replies":[{"embeddable":true,"href":"http:\/\/www.bruckner-online.at\/index.php?rest_route=%2Fwp%2Fv2%2Fcomments&post=455"}],"version-history":[{"count":11,"href":"http:\/\/www.bruckner-online.at\/index.php?rest_route=\/wp\/v2\/pages\/455\/revisions"}],"predecessor-version":[{"id":1747,"href":"http:\/\/www.bruckner-online.at\/index.php?rest_route=\/wp\/v2\/pages\/455\/revisions\/1747"}],"wp:featuredmedia":[{"embeddable":true,"href":"http:\/\/www.bruckner-online.at\/index.php?rest_route=\/wp\/v2\/media\/976"}],"wp:attachment":[{"href":"http:\/\/www.bruckner-online.at\/index.php?rest_route=%2Fwp%2Fv2%2Fmedia&parent=455"}],"curies":[{"name":"wp","href":"https:\/\/api.w.org\/{rel}","templated":true}]}}