{"id":451,"date":"2014-06-09T07:48:34","date_gmt":"2014-06-09T05:48:34","guid":{"rendered":"http:\/\/www.bruckner-online.at\/full-width-page-2-2\/"},"modified":"2018-11-17T15:48:19","modified_gmt":"2018-11-17T14:48:19","slug":"leben_linz","status":"publish","type":"page","link":"http:\/\/www.bruckner-online.at\/?page_id=451","title":{"rendered":"Leben : Linz (1856 &#8211; 1868)"},"content":{"rendered":"<p>zusammengestellt von Alexandra Jud und Damaris Leimgruber (aus: Hans-Joachim Hinrichsen (Hg.): <em>Bruckner-Handbuch<\/em>, Stuttgart 2010, S. XIII-XXIII).<\/p>\n<div class=\"col-lg-2 col-md-2 col-sm-2 col-xs-12\"> 1856<\/div>\n<div class=\"col-lg-10 col-md-10 col-sm-10 col-xs-12\">\n\u25a0 25. Januar: Probespiel im Alten Dom, danach definitiver Domorganist.<br \/>\n\u25a0 sp\u00e4testens M\u00e4rz: Mitglied der Linzer Liedertafel Frohsinn.<br \/>\n\u25a0 25. April: Anstellungsdekret als Domorganist; 14. Mai: Diensteid.<br \/>\n\u25a0 September: Reise mit der Liedertafel Frohsinn zur Mozartfeier in Salzburg; dort lernt Bruckner den Wiener Chordirigenten Rudolf Weinwurm (1835-1911) kennen, der w\u00e4hrend der ganzen Linzer Zeit sein wichtigster Wiener Kontaktmann wird.<br \/>\n\u25a0 31. Oktober: 2. Archivar der Liedertafel Frohsinn (bis November 1857).<\/p>\n<p>Werke:<\/p>\n<p>\u25a0 24. Juli: Ave Maria (WAB 5); 7. Oktober: Erstauff\u00fchrung am Rosenkranzfest in St. Florian.<\/p>\n<\/div>\n<div class=\"gap10\"><\/div>\n<hr \/>\n<div class=\"col-lg-2 col-md-2 col-sm-2 col-xs-12\">1857<\/div>\n<div class=\"col-lg-10 col-md-10 col-sm-10 col-xs-12\">\n\u25a0 wiederholte Beschwerden \u00fcber den schlechten Zustand beider Linzer Orgeln.<br \/>\n\u25a0 November\/Dezember: Bruckners Orgelspiel wird in der Linzer Zeitung erw\u00e4hnt.<\/p>\n<p>Werke:<\/p>\n<p>\u25a0 Entstehung des Chores Das edle Herz (WAB 66).<br \/>\n\u25a0 Kantate Auf, Br\u00fcder! auf zur frohen Feier (WAB 61a, recte b) zum Namensfest des Pr\u00e4laten Friedrich Mayr von St. Florian.<\/p>\n<\/div>\n<div class=\"gap10\"><\/div>\n<hr \/>\n<div class=\"col-lg-2 col-md-2 col-sm-2 col-xs-12\"> 1858<\/div>\n<div class=\"col-lg-10 col-md-10 col-sm-10 col-xs-12\">\n\u25a0 Sommer: einmonatiges intensives Studium bei Sechter in Wien (Harmonielehre, Fuge, Kanon und Kontrapunkt), danach regelm\u00e4\u00dfig kurze Reisen zu Sechter (bis 1861).<br \/>\n\u25a0 12. Juli: Pr\u00fcfung im praktischen Orgelspiel in Wien (Piaristenkirche); Zeugnis von Sechter.<br \/>\n\u25a0 2. September: Aufk\u00fcndigung der aktiven Mitgliedschaft der Liedertafel Frohsinn wegen Heiserkeit.<br \/>\n\u25a0 14. September: Antrag auf Teilung der Organistenstelle und F\u00f6rderung des Kirchengesangs.<\/p>\n<p>Werke:<\/p>\n<p>\u25a0 sp\u00e4testens 1858: 146. Psalm (WAB 37); m\u00f6glicherweise geh\u00f6rt WAB 37 aber auch in die sp\u00e4te St. Florianer Zeit.<\/p>\n<\/div>\n<div class=\"gap10\"><\/div>\n<hr \/>\n<div class=\"col-lg-2 col-md-2 col-sm-2 col-xs-12\">1859<\/div>\n<div class=\"col-lg-10 col-md-10 col-sm-10 col-xs-12\">\n\u25a0 Plan der Gr\u00fcndung einer Linzer Gesang-Akademie mit Engelbert Lanz (sp\u00e4ter zur\u00fcckgezogen).<br \/>\n\u25a0 1. Juni: Heimatrecht in Linz.<\/p>\n<\/div>\n<div class=\"gap10\"><\/div>\n<hr \/>\n<div class=\"col-lg-2 col-md-2 col-sm-2 col-xs-12\"> 1860<\/div>\n<div class=\"col-lg-10 col-md-10 col-sm-10 col-xs-12\">\n\u25a0 7. November: Wahl zum 1. Chormeister der Liedertafel Frohsinn.<br \/>\n\u25a0 11. November: Tod der Mutter in Ebelsberg bei Linz.<\/p>\n<\/div>\n<div class=\"gap10\"><\/div>\n<hr \/>\n<div class=\"col-lg-2 col-md-2 col-sm-2 col-xs-12\">1861<\/div>\n<div class=\"col-lg-10 col-md-10 col-sm-10 col-xs-12\">\n\u25a0 26. M\u00e4rz: letztes Zeugnis von Simon Sechter.<br \/>\n\u25a0 22. Juni: erfolglose Bewerbung um die Direktorenstelle des Salzburger Dom-Musik-Vereins.<br \/>\n\u25a0 29.\/30. Juni: in Krems beim 1. Deutsch-\u00d6sterreichischen S\u00e4ngerfest.<br \/>\n\u25a0 19. bis 24. Juli: beim Gro\u00dfen Deutschen S\u00e4ngerfest in N\u00fcrnberg als Chormeister der Liedertafel Frohsinn.<br \/>\n\u25a0 19. November: Pr\u00fcfung am Konservatorium der Gesellschaft der Musikfreunde in Wien (Kommission: Sechter, Hellmesberger, Herbeck, Dessoff, Becker).<br \/>\n\u25a0 21. November: Orgelpr\u00fcfung in der Piaristenkirche, Introduktion und Fuge \u00fcber ein Thema Sechters; 22. November: Zeugnis des Konservatoriums.<br \/>\n\u25a0 ab Dezember: Studium beim Linzer Theaterkapellmeister Otto Kitzler (1834-1915): Formenlehre, Instrumentation, Komposition; dabei entsteht das sogenannte Kitzler-Studienbuch (bis Juli 1863).<\/p>\n<p>Werke:<\/p>\n<p>\u25a0 12. Mai: Erstauff\u00fchrung des Ave Maria (WAB 6) durch die Liedertafel Frohsinn; in den folgenden Jahren viele weitere Auff\u00fchrungen (ReferenzWerke:<br \/>\nBruckner verwendet das Ave Maria f\u00fcr das Probedirigat in Salzburg und legt es einigen Bewerbungen bei).<\/p>\n<\/div>\n<div class=\"gap10\"><\/div>\n<hr \/>\n<div class=\"col-lg-2 col-md-2 col-sm-2 col-xs-12\"> 1862<\/div>\n<div class=\"col-lg-10 col-md-10 col-sm-10 col-xs-12\">\n\u25a0 September: erste Pl\u00e4ne, sich an die Hofmusikkapelle nach Wien berufen zu lassen.<\/p>\n<p>Werke:<\/p>\n<p>\u25a0 25. April: Festkantate (WAB 16); 1. Mai: Erstauff\u00fchrung zur Grundsteinlegung des Mari\u00e4-Empf\u00e4ngnis-Domes in Linz.<br \/>\n\u25a0 Verschiedene Tanzs\u00e4tze f\u00fcr Klavier (Kitzler-Studienbuch).<br \/>\n\u25a0 7. August: Streichquartett (WAB 111).<br \/>\n\u25a0 Instrumentationsstudien bei Kitzler; u. a. Orchesterarrangement des 1. Satzes von Beethovens Grande Sonate path\u00e9tique.<br \/>\n\u25a0 12. Oktober: Marsch f\u00fcr Orchester (WAB 96).<br \/>\n\u25a0 16. November: Drei Orchesterst\u00fccke (WAB 97).<\/p>\n<\/div>\n<div class=\"gap10\"><\/div>\n<hr \/>\n<div class=\"col-lg-2 col-md-2 col-sm-2 col-xs-12\">1863<\/div>\n<div class=\"col-lg-10 col-md-10 col-sm-10 col-xs-12\">\n\u25a0 13. Februar: Linzer Erstauff\u00fchrung von Richard Wagners Tannh\u00e4user, worauf Bruckner sich durch intensives Partiturstudium vorbereitet; Bruckner studiert mit dem mitwirkenden Frohsinn den Pilgerchor ein.<br \/>\n\u25a0 10. Juli: Abschluss der Studien bei Kitzler mit f\u00f6rmlicher Freisprechung.<br \/>\n\u25a0 September\/Oktober: beim Musikfest in M\u00fcnchen; Bruckner legt dem dortigen Hofkapellmeister Franz Lachner seine f-Moll-Sinfonie vor.<br \/>\n\u25a0 Studien bei Ignaz Dorn (bis 1865).<\/p>\n<p>Werke:<\/p>\n<p>\u25a0 22. Januar: Ouvert\u00fcre (WAB 98).<br \/>\n\u25a0 7. Januar bis 26. Mai: Studiensinfonie f-Moll (WAB 99).<br \/>\n\u25a0 5. Juli: 112. Psalm (WAB 35).<br \/>\n\u25a0 Juli: Kompositionsbeginn Germanenzug (WAB 70).<br \/>\n\u25a0 um 1863: Zigeuner-Waldlied (WAB 135, verschollen).<\/p>\n<\/div>\n<div class=\"gap10\"><\/div>\n<hr \/>\n<div class=\"col-lg-2 col-md-2 col-sm-2 col-xs-12\"> 1864<\/div>\n<div class=\"col-lg-10 col-md-10 col-sm-10 col-xs-12\">\n\u25a0 Ende August: Germanenzug erscheint als erstes gedrucktes Werk (bei Josef Kr\u00e4nzl, Ried).<\/p>\n<p>Werke:<\/p>\n<p>\u25a0 Mai oder Juni bis 29. September: d-Moll-Messe (WAB 26); 20. November: Erstauff\u00fchrung unter Bruckners Leitung im Alten Dom.<br \/>\n\u25a0 August: Germanenzug (WAB 70) f\u00fcr den Druck eingerichtet. Die f\u00fcr den 14. August geplante Erstauff\u00fchrung beim Ober\u00f6sterreichischen S\u00e4ngerfest in Linz kam nicht zustande, da das Fest auf 1865 verschoben werden musste.<\/p>\n<\/div>\n<div class=\"gap10\"><\/div>\n<hr \/>\n<div class=\"col-lg-2 col-md-2 col-sm-2 col-xs-12\">1865<\/div>\n<div class=\"col-lg-10 col-md-10 col-sm-10 col-xs-12\">\n\u25a0 Mai\/Juni: Reise nach M\u00fcnchen zur Erstauff\u00fchrung von Wagners Tristan und Isolde unter Hans von B\u00fclow; Begegnungen mit Richard Wagner und Hans von B\u00fclow, dem Bruckner seine im Entstehen begriffene Erste Sinfonie zeigt.<br \/>\n\u25a0 August: Reise nach Budapest zur Erstauff\u00fchrung von Franz Liszts Legende von der heiligen Elisabeth.<\/p>\n<p>Werke:<\/p>\n<p>\u25a0 Januar: Erste Sinfonie c-Moll (WAB 101) begonnen.<br \/>\n\u25a0 5. Juni: Germanenzug (WAB 70) beim Ober\u00f6sterreichischen S\u00e4ngerfest in Linz erstaufgef\u00fchrt; Bruckner erh\u00e4lt den 2. Preis (hinter der Germania von Rudolf Weinwurm); einige weitere Auff\u00fchrungen, u. a. zum Abschied von der Liedertafel Frohsinn im Sommer 1868.<\/p>\n<\/div>\n<div class=\"gap10\"><\/div>\n<hr \/>\n<div class=\"col-lg-2 col-md-2 col-sm-2 col-xs-12\"> 1866<\/div>\n<div class=\"col-lg-10 col-md-10 col-sm-10 col-xs-12\">\n\u25a0 Maria Anna Bruckner (1836-1870) zieht zu ihrem Bruder, um ihm (bis zu ihrem Tod) den Haushalt zu f\u00fchren.<br \/>\n\u25a0 16. August: Heiratsantrag an die 20 Jahre j\u00fcngere Linzer Fleischhauerstochter Josefine Lang.<br \/>\n\u25a0 Dezember: in Wien bei einer Auff\u00fchrung von Hector Berlioz\u2018 Fausts Verdammnis.<\/p>\n<p>Werke:<\/p>\n<p>\u25a0 14. April: Erste Sinfonie c-Moll (WAB 101) vollendet (1. Fassung, sogenannte Linzer Fassung).<br \/>\n\u25a0 August bis 25. November: e-Moll-Messe (WAB 27) als Auftrag von Bischof Rudigier.<\/p>\n<\/div>\n<div class=\"gap10\"><\/div>\n<hr \/>\n<div class=\"col-lg-2 col-md-2 col-sm-2 col-xs-12\">1867<\/div>\n<div class=\"col-lg-10 col-md-10 col-sm-10 col-xs-12\">\n\u25a0 22. M\u00e4rz: Bruckner h\u00f6rt in Wien unter dem Dirigat Herbecks erstmals Beethovens Neunte Sinfonie.<br \/>\n\u25a0 8. Mai bis 8. August: Kuraufenthalt in Bad Kreuzen.<br \/>\n\u25a0 10. September: Tod Simon Sechters.<br \/>\n\u25a0 14. Oktober: Gesuch um Aufnahme in die k.k. Hofmusikkapelle; wird 1868 bewilligt.<br \/>\n\u25a0 2. November: erfolgloses Gesuch an den Dekan der philosophischen Fakult\u00e4t der Universit\u00e4t Wien um Aufnahme als Lehrer f\u00fcr musikalische Komposition.<\/p>\n<p>Werke:<\/p>\n<p>\u25a0 14. September: Beginn der f-Moll-Messe (WAB 28).<br \/>\n\u25a0 10. Februar: Auff\u00fchrung der d-Moll-Messe (WAB 26) unter Johann Herbeck in der Wiener Hofburgkapelle mit Bruckner an der Orgel.<\/p>\n<\/div>\n<div class=\"gap10\"><\/div>\n<hr \/>\n<div class=\"col-lg-2 col-md-2 col-sm-2 col-xs-12\"> 1868<\/div>\n<div class=\"col-lg-10 col-md-10 col-sm-10 col-xs-12\">\n\u25a0 15. Januar: erneute Wahl zum Chormeister der Liedertafel Frohsinn.<br \/>\n\u25a0 4. April: Gr\u00fcndungsfestkonzert der Liedertafel Frohsinn mit der von Bruckner dirigierten Erstauff\u00fchrung des Schlusschors aus Richard Wagners Die Meistersinger von N\u00fcrnberg.<br \/>\n\u25a0 11. Mai: Ernennung zum Ehrenmitglied des Mozarteum Salzburg.<br \/>\n\u25a0 Juni\/Juli: in M\u00fcnchen bei der dritten Auff\u00fchrung der Meistersinger von N\u00fcrnberg unter Hans von B\u00fclow.<br \/>\n\u25a0 6. Juli: Anstellungsdekret als Professor f\u00fcr Harmonielehre, Kontrapunkt und Orgelspiel am Konservatorium der Gesellschaft der Musikfreunde in Wien.<br \/>\n\u25a0 August\/September: erneut Kuraufenthalt in Bad Kreuzen.<br \/>\n\u25a0 4. September: Berufung zum exspectierenden k.k. Hoforganisten in Wien.<br \/>\n\u25a0 29. September: Abschiedssoir\u00e9e des Frohsinn f\u00fcr Bruckner.<\/p>\n<p>Werke:<\/p>\n<p>\u25a0 31. Januar: Pange lingua et Tantum ergo (WAB 33).<br \/>\n\u25a0 9. Mai: Erstauff\u00fchrung der Ersten Sinfonie (WAB 101) unter Bruckners Leitung in Linz (Redoutensaal).<br \/>\n\u25a0 9. September: f-Moll-Messe beendet; zahlreiche \u00dcberarbeitungen bis 1893.<\/p>\n<\/div>\n<div class=\"gap10\"><\/div>\n","protected":false},"excerpt":{"rendered":"<p>zusammengestellt von Alexandra Jud und Damaris Leimgruber (aus: Hans-Joachim Hinrichsen (Hg.): Bruckner-Handbuch, Stuttgart 2010, S. XIII-XXIII).<\/p>\n","protected":false},"author":1,"featured_media":723,"parent":0,"menu_order":0,"comment_status":"closed","ping_status":"closed","template":"page-fullwidth.php","meta":{"footnotes":""},"class_list":["post-451","page","type-page","status-publish","has-post-thumbnail","hentry"],"_links":{"self":[{"href":"http:\/\/www.bruckner-online.at\/index.php?rest_route=\/wp\/v2\/pages\/451"}],"collection":[{"href":"http:\/\/www.bruckner-online.at\/index.php?rest_route=\/wp\/v2\/pages"}],"about":[{"href":"http:\/\/www.bruckner-online.at\/index.php?rest_route=\/wp\/v2\/types\/page"}],"author":[{"embeddable":true,"href":"http:\/\/www.bruckner-online.at\/index.php?rest_route=\/wp\/v2\/users\/1"}],"replies":[{"embeddable":true,"href":"http:\/\/www.bruckner-online.at\/index.php?rest_route=%2Fwp%2Fv2%2Fcomments&post=451"}],"version-history":[{"count":10,"href":"http:\/\/www.bruckner-online.at\/index.php?rest_route=\/wp\/v2\/pages\/451\/revisions"}],"predecessor-version":[{"id":1544,"href":"http:\/\/www.bruckner-online.at\/index.php?rest_route=\/wp\/v2\/pages\/451\/revisions\/1544"}],"wp:featuredmedia":[{"embeddable":true,"href":"http:\/\/www.bruckner-online.at\/index.php?rest_route=\/wp\/v2\/media\/723"}],"wp:attachment":[{"href":"http:\/\/www.bruckner-online.at\/index.php?rest_route=%2Fwp%2Fv2%2Fmedia&parent=451"}],"curies":[{"name":"wp","href":"https:\/\/api.w.org\/{rel}","templated":true}]}}