{"id":42,"date":"2014-06-09T07:48:34","date_gmt":"2014-06-09T05:48:34","guid":{"rendered":"http:\/\/school.wpshow.me\/?page_id=42"},"modified":"2017-03-01T15:52:58","modified_gmt":"2017-03-01T14:52:58","slug":"leben_kindheit_und_jugend","status":"publish","type":"page","link":"http:\/\/www.bruckner-online.at\/?page_id=42","title":{"rendered":"Leben : Kindheit und Jugend (1824-1845)"},"content":{"rendered":"<p>zusammengestellt von Alexandra Jud und Damaris Leimgruber (aus: Hans-Joachim Hinrichsen (Hg.): <em>Bruckner-Handbuch<\/em>, Stuttgart 2010, S. XIII-XXIII).<\/p>\n<div class=\"col-lg-2 col-md-2 col-sm-2 col-xs-12\"> 1824 &#8211; 1832<\/div>\n<div class=\"col-lg-10 col-md-10 col-sm-10 col-xs-12\">\n<p>\u25a0 4. September: (Joseph) Anton Bruckner wird in Ansfelden, Ober\u00f6sterreich, als das erste von elf Kindern geboren (von denen f\u00fcnf \u00fcberleben). Eltern: Anton Bruckner (1791-1837), Schullehrer und Kirchenmusiker; Theresia Helm (1801-1860).<br \/>\n\u25a0 Schulbesuch in den ersten Jahren in Ansfelden; Klavier-und Orgelunterricht beim Vater.<\/div>\n<div class=\"gap10\"><\/div>\n<hr \/>\n<div class=\"col-lg-2 col-md-2 col-sm-2 col-xs-12\">1833<\/div>\n<div class=\"col-lg-10 col-md-10 col-sm-10 col-xs-12\">\n<p>\u25a0 1. Juni: Firmung im Alten Dom in Linz (Firmpate: Johann Baptist Wei\u00df).<br \/>\n\u25a0 28. Juli: Geburt des Bruders Ignaz (1833-1913).<br \/>\n<\/div>\n<div class=\"gap10\"><\/div>\n<hr \/>\n<div class=\"col-lg-2 col-md-2 col-sm-2 col-xs-12\">1834<\/div>\n<div class=\"col-lg-10 col-md-10 col-sm-10 col-xs-12\">\n\u25a0 als Zehnj\u00e4hriger erste Orgeldienste im Gottesdienst. <\/div>\n<div class=\"gap10\"><\/div>\n<hr \/>\n<div class=\"col-lg-2 col-md-2 col-sm-2 col-xs-12\">1835<\/div>\n<div class=\"col-lg-10 col-md-10 col-sm-10 col-xs-12\">\n\u25a0 Bruckner zieht nach H\u00f6rsching in den Haushalt seines Cousins und Firmpaten Johann Baptist Wei\u00df und erh\u00e4lt bei diesem Unterricht in Orgelspiel und Generalbass (bis 1837).<\/p>\n<p>Werke:<\/p>\n<p>\u25a0 in H\u00f6rsching erste Kompositionen, u. a. Pange lingua (WAB 31). <\/div>\n<div class=\"gap10\"><\/div>\n<hr \/>\n<div class=\"col-lg-2 col-md-2 col-sm-2 col-xs-12\"> 1836<\/div>\n<div class=\"col-lg-10 col-md-10 col-sm-10 col-xs-12\">\n\u25a0 Herbst: Erkrankung des Vaters; R\u00fcckkehr Bruckners ins elterliche Haus nach Ansfelden. <\/div>\n<div class=\"gap10\"><\/div>\n<hr \/>\n<div class=\"col-lg-2 col-md-2 col-sm-2 col-xs-12\">1837<\/div>\n<div class=\"col-lg-10 col-md-10 col-sm-10 col-xs-12\">\n<p>\u25a0 7. Juni: Tod des Vaters.<br \/>\n\u25a0 Ende Juli: Bruckner wird S\u00e4ngerknabe im Augustiner-Chorherrenstift St. Florian; Orgelunterricht u. a. bei Anton Kattinger (bis 1840).<br \/>\n\u25a0 Wohnen und Unterricht beim Schulleiter Michael Bogner. <\/div>\n<div class=\"gap10\"><\/div>\n<hr \/>\n<div class=\"col-lg-2 col-md-2 col-sm-2 col-xs-12\">1839<\/div>\n<div class=\"col-lg-10 col-md-10 col-sm-10 col-xs-12\">\n\u25a0 24. April: Bruckner schlie\u00dft die Volksschule als Primus ab.<br \/>\n\u25a0 Kontakt mit Karl Seiberl (1830-1918), der als S\u00e4ngerknabe ebenfalls bei der Familie Bogner lebt und der Bruckner lebenslang freundschaftlich verbunden bleibt. <\/div>\n<div class=\"gap10\"><\/div>\n<hr \/>\n<div class=\"col-lg-2 col-md-2 col-sm-2 col-xs-12\">1840<\/div>\n<div class=\"col-lg-10 col-md-10 col-sm-10 col-xs-12\">\n\u25a0 15. Oktober: Beginn der zehnmonatigen Ausbildung zum Schulgehilfen an der Pr\u00e4parandie der k.k. Normalhauptschule in Linz; Unterricht in Harmonie-und Generalbasslehre, Choralgesang und Orgelspiel bei Johann August D\u00fcrrnberger.<br \/>\n\u25a0 Besuch der von Karl Zappe, Konzertmeister am Linzer Theater, veranstalteten Konzerte (u. a. Ouvert\u00fcren von Carl Maria von Weber, Beethovens Vierte Sinfonie, 2. Oktober: Beethovens Fidelio).<\/p>\n<p>Werke:<\/p>\n<p>\u25a0 Abschrift von Michael Haydns Deutscher Messe Hier liegt vor Deiner Majest\u00e4t f\u00fcr einen Schulkollegen. <\/div>\n<div class=\"gap10\"><\/div>\n<hr \/>\n<div class=\"col-lg-2 col-md-2 col-sm-2 col-xs-12\">1841<\/div>\n<div class=\"col-lg-10 col-md-10 col-sm-10 col-xs-12\">\n\u25a0 3. Oktober: Dienstantritt als Schulgehilfe in Windhaag bei Freistadt; das j\u00e4hrliche Gehalt betr\u00e4gt 12 Gulden.<\/p>\n<p>Werke:<\/p>\n<p>\u25a0 Studium von J.S. Bachs Kunst der Fuge, von Pr\u00e4ludien und Fugen J.G. Albrechtsbergers, von F.W. Marpurgs Handbuch beim Generalbass und der Komposition und von D.G. T\u00fcrks Generalbasslehre . <\/div>\n<div class=\"gap10\"><\/div>\n<hr \/>\n<div class=\"col-lg-2 col-md-2 col-sm-2 col-xs-12\">1842<\/div>\n<div class=\"col-lg-10 col-md-10 col-sm-10 col-xs-12\">\n\u25a0 16. Juni: Bruckners Leistung wird bei einer Inspektion positiv beurteilt.<\/p>\n<p>Werke:<\/p>\n<p>\u25a0 Windhaager Messe in C-Dur (WAB 25), Anna Maria Jobst gewidmet. <\/div>\n<div class=\"gap10\"><\/div>\n<hr \/>\n<div class=\"col-lg-2 col-md-2 col-sm-2 col-xs-12\"> 1843<\/div>\n<div class=\"col-lg-10 col-md-10 col-sm-10 col-xs-12\">\n\u25a0 19. Januar: Dienstende in Windhaag; 23. Januar: Anstellungsdekret als Schulgehilfe in Kronstorf bei Steyr; Bruckner wohnt bei der Lehrerfamilie Lehofer.<br \/>\n\u25a0 Unterricht bei Leopold von Zenetti in Enns: dreimal w\u00f6chentlich bis 1845, in gelockerter Form bis 1855.<br \/>\n\u25a0 Gr\u00fcndung eines M\u00e4nnerquartetts in Kronstorf.<\/p>\n<p>Werke:<\/p>\n<p>\u25a0 zwischen 1843 und 1845: Komposition der Zwei Asperges (WAB 3, signiert Anton Bruckner m.p.ria.\/ Comp.).<br \/>\n\u25a0 bis 1845 entstehen etliche kirchenmusikalische Ch\u00f6re und weltliche Vokalwerke.<\/p>\n<\/div>\n<div class=\"gap10\"><\/div>\n<hr \/>\n<div class=\"col-lg-2 col-md-2 col-sm-2 col-xs-12\"> 1844<\/div>\n<div class=\"col-lg-10 col-md-10 col-sm-10 col-xs-12\">\nWerke:<\/p>\n<p>\u25a0 Messe f\u00fcr den Gr\u00fcndonnerstag (WAB 9); 4. April: mutma\u00dflicher Termin der Erstauff\u00fchrung.<br \/>\n\u25a0 Tantum ergo (WAB 43, evtl. auch erst 1845). <\/div>\n<div class=\"gap10\"><\/div>\n<hr \/>\n<div class=\"col-lg-2 col-md-2 col-sm-2 col-xs-12\"> 1845<\/div>\n<div class=\"col-lg-10 col-md-10 col-sm-10 col-xs-12\">\n\u25a0 27.\/28. Mai: Lehrerpr\u00fcfung beim bisch\u00f6flichen Konsistorium in Linz.<br \/>\n\u25a0 24. Juni: Zeugnis \u00fcber die am 29. Mai abgelegte Pr\u00fcfung in den musikalischen F\u00e4chern.<br \/>\n\u25a0 19. August: Pr\u00e4parandie-Zeugnis: kann als Lehrer in Vorschlag gebracht werden.<br \/>\n\u25a0 23. September: Dienstende in Kronstorf.<\/p>\n<p>Werke:<\/p>\n<p>\u25a0 M\u00e4rz: Requiem f\u00fcr M\u00e4nnerchor und Orgel (WAB 133, verschollen); Erstauff\u00fchrung in Kirchberg; weitere Auff\u00fchrungen am 11. M\u00e4rz 1852 und 4. April 1854.<br \/>\n<\/div>\n<div class=\"gap20\"><\/div>\n","protected":false},"excerpt":{"rendered":"<p>zusammengestellt von Alexandra Jud und Damaris Leimgruber (aus: Hans-Joachim Hinrichsen (Hg.): Bruckner-Handbuch, Stuttgart 2010, S. XIII-XXIII).<\/p>\n","protected":false},"author":1,"featured_media":726,"parent":0,"menu_order":0,"comment_status":"closed","ping_status":"closed","template":"page-fullwidth.php","meta":{"footnotes":""},"class_list":["post-42","page","type-page","status-publish","has-post-thumbnail","hentry"],"_links":{"self":[{"href":"http:\/\/www.bruckner-online.at\/index.php?rest_route=\/wp\/v2\/pages\/42"}],"collection":[{"href":"http:\/\/www.bruckner-online.at\/index.php?rest_route=\/wp\/v2\/pages"}],"about":[{"href":"http:\/\/www.bruckner-online.at\/index.php?rest_route=\/wp\/v2\/types\/page"}],"author":[{"embeddable":true,"href":"http:\/\/www.bruckner-online.at\/index.php?rest_route=\/wp\/v2\/users\/1"}],"replies":[{"embeddable":true,"href":"http:\/\/www.bruckner-online.at\/index.php?rest_route=%2Fwp%2Fv2%2Fcomments&post=42"}],"version-history":[{"count":52,"href":"http:\/\/www.bruckner-online.at\/index.php?rest_route=\/wp\/v2\/pages\/42\/revisions"}],"predecessor-version":[{"id":1287,"href":"http:\/\/www.bruckner-online.at\/index.php?rest_route=\/wp\/v2\/pages\/42\/revisions\/1287"}],"wp:featuredmedia":[{"embeddable":true,"href":"http:\/\/www.bruckner-online.at\/index.php?rest_route=\/wp\/v2\/media\/726"}],"wp:attachment":[{"href":"http:\/\/www.bruckner-online.at\/index.php?rest_route=%2Fwp%2Fv2%2Fmedia&parent=42"}],"curies":[{"name":"wp","href":"https:\/\/api.w.org\/{rel}","templated":true}]}}