{"id":300,"date":"2014-06-19T09:25:21","date_gmt":"2014-06-19T07:25:21","guid":{"rendered":"http:\/\/school.wpshow.me\/?page_id=300"},"modified":"2026-05-04T13:44:59","modified_gmt":"2026-05-04T11:44:59","slug":"mitarbeiter","status":"publish","type":"page","link":"http:\/\/www.bruckner-online.at\/?page_id=300","title":{"rendered":"Mitarbeiter"},"content":{"rendered":"<p><strong>Abteilung Musikwissenschaft (ACDH) der \u00d6sterreichischen Akademie der Wissenschaften<\/strong><\/p>\n<div class=\"separator-fatty\"><\/div>\n<div class=\"leadership-wrapper\"><figure class=\"leadership-photo\"><img decoding=\"async\" src=\"http:\/\/www.bruckner-online.at\/wp-content\/uploads\/2015\/02\/rklugs.jpg\" alt=\"Doz. Dr. Robert Klugseder\" \/><\/figure><div class=\"leadership-meta clearfix\"><h1 class=\"leadership-function title-median\">Doz. Dr. Robert Klugseder<\/h1><div class=\"leadership-position\">Projektleitung, Herausgeber, Digitalisierung und Quellenerschlie\u00dfung, Bildbearbeitung, Website Concept, Database Coding<\/div>\n<p style=\"text-align: justify;\">Der Musikwissenschaftler Robert Klugseder ist Initiator des Webprojekts <em>bruckner-online.at<\/em> und Herausgeber des gedruckten <em>Werkverzeichnis Anton Bruckner<\/em>. Als Digital Humanist ist er hauptverantwortlich f\u00fcr das Design der Datenbanken und Benutzeroberfl\u00e4chen, die Digitalisierung der Handschriften und Drucke sowie f\u00fcr das Bildmanagement. <\/div><\/div>\n<div class=\"separator-fatty\"><\/div>\n<div class=\"leadership-wrapper\"><div class=\"leadership-meta clearfix\"><h1 class=\"leadership-function title-median\">Redaktion Chronologie-Datenbank (ABCD)<\/h1>\n<p>Franz Scheder<\/p>\n<\/div><\/div>\n<div class=\"leadership-wrapper\"><div class=\"leadership-meta clearfix\"><h1 class=\"leadership-function title-median\">Technischer Support ABCD, ABLO und Werkverzeichnis<\/h1>\n<p>Peter Andorfer, Matej \u010eur\u010do, Marc Schmitz und Daniel Schopper (ACDH DH Research Infrastructure)<\/p>\n<\/div><\/div>\n<div class=\"leadership-wrapper\"><div class=\"leadership-meta clearfix\"><h1 class=\"leadership-function title-median\">Ehemalige Mitarbeiterinnen und Mitarbeiter<\/h1>\n<p>Werkverzeichnis: Clemens Gubsch (Herausgeber dWAB seit 2025), Paul Gulewycz und Desiree Mayer.<br \/>\nQuellenbeschreibungen: Mirjam Kluger<br \/>\nBildnachbearbeitung: Anna K\u00f6nig und Philipp Pr\u00fcckl<br \/>\nDigitalisierung der Drucke, Bildnachbearbeitung und Incipiterstellung (MEI dWAB): Julia Jaklin<br \/>\nIncipiterstellung (Finale dWAB): Rainer Boss<br \/>\nLiteraturrecherche und Datenbankpflege: Bianca Schumann<br \/>\nBackend Developer: Marek Cup\u00e1k und Peter Provaznik<\/p>\n<\/div><\/div>\n<div class=\"separator-fatty\"><\/div>\n<div class=\"leadership-wrapper\"><figure class=\"leadership-photo\"><img decoding=\"async\" src=\"http:\/\/www.bruckner-online.at\/wp-content\/uploads\/2015\/02\/KM_logo.png\" alt=\"Website Development\" \/><\/figure><div class=\"leadership-meta clearfix\"><h1 class=\"leadership-function title-median\">Website Development<\/h1>\n<p><a href=\"http:\/\/www.kapsreiter.de\" target=\"_blank\" rel=\"noopener noreferrer\">Kapsreiter Mediendesign, Wien<\/a><\/p>\n<\/div><\/div>\n","protected":false},"excerpt":{"rendered":"<p>Abteilung Musikwissenschaft (ACDH) der \u00d6sterreichischen Akademie der Wissenschaften<\/p>\n","protected":false},"author":1,"featured_media":869,"parent":0,"menu_order":0,"comment_status":"closed","ping_status":"closed","template":"page-fullwidth.php","meta":{"footnotes":""},"class_list":["post-300","page","type-page","status-publish","has-post-thumbnail","hentry"],"_links":{"self":[{"href":"http:\/\/www.bruckner-online.at\/index.php?rest_route=\/wp\/v2\/pages\/300"}],"collection":[{"href":"http:\/\/www.bruckner-online.at\/index.php?rest_route=\/wp\/v2\/pages"}],"about":[{"href":"http:\/\/www.bruckner-online.at\/index.php?rest_route=\/wp\/v2\/types\/page"}],"author":[{"embeddable":true,"href":"http:\/\/www.bruckner-online.at\/index.php?rest_route=\/wp\/v2\/users\/1"}],"replies":[{"embeddable":true,"href":"http:\/\/www.bruckner-online.at\/index.php?rest_route=%2Fwp%2Fv2%2Fcomments&post=300"}],"version-history":[{"count":107,"href":"http:\/\/www.bruckner-online.at\/index.php?rest_route=\/wp\/v2\/pages\/300\/revisions"}],"predecessor-version":[{"id":2959,"href":"http:\/\/www.bruckner-online.at\/index.php?rest_route=\/wp\/v2\/pages\/300\/revisions\/2959"}],"wp:featuredmedia":[{"embeddable":true,"href":"http:\/\/www.bruckner-online.at\/index.php?rest_route=\/wp\/v2\/media\/869"}],"wp:attachment":[{"href":"http:\/\/www.bruckner-online.at\/index.php?rest_route=%2Fwp%2Fv2%2Fmedia&parent=300"}],"curies":[{"name":"wp","href":"https:\/\/api.w.org\/{rel}","templated":true}]}}