{"id":1924,"date":"2022-11-24T18:32:24","date_gmt":"2022-11-24T17:32:24","guid":{"rendered":"http:\/\/www.bruckner-online.at\/?page_id=1924"},"modified":"2023-02-13T15:17:36","modified_gmt":"2023-02-13T14:17:36","slug":"handschriftenerkennung","status":"publish","type":"page","link":"http:\/\/www.bruckner-online.at\/?page_id=1924","title":{"rendered":"Transkriptionstool Anton Bruckner"},"content":{"rendered":"\n<p>Automatisierte \u00dcbertragung der Kurrentschrift des Komponisten (und verwandter Schreiberh\u00e4nde) mit der Transkribus-Technik. Das zugrundeliegende KI-Modell wurde mit Hilfe von Studierenden des Instituts f\u00fcr Musikwissenschaft der Universit\u00e4t Wien traininert. Es besteht hier die M\u00f6glichkeit, Bilddateien von Schriftst\u00fccken mit Bruckners Handschrift hochzuladen und \u00fcbertragen zu lassen.<\/p>\n\n\n\n<p class=\"has-small-font-size\">Download Beispielseite: <a href=\"http:\/\/www.bruckner-online.at\/951107.zip\">Brief Bruckners vom 07.11.1895<\/a><\/p>\n\n\n\n<div id=\"t-ai-app\" data-embed=\"1\" data-htrid=\"45823\" data-lang=\"de\">\n  <script src=\"http:\/\/transkribus.ai\/t-ai-inline.js\"><\/script>\n<\/div>\n","protected":false},"excerpt":{"rendered":"<p>Automatisierte \u00dcbertragung der Kurrentschrift des Komponisten (und verwandter Schreiberh\u00e4nde) mit der Transkribus-Technik. Das zugrundeliegende KI-Modell wurde mit Hilfe von Studierenden des Instituts f\u00fcr Musikwissenschaft&#8230; &nbsp; <a href=\"http:\/\/www.bruckner-online.at\/?page_id=1924\" class=\"moretag\">&#8230;mehr <\/a><\/p>\n","protected":false},"author":1,"featured_media":0,"parent":0,"menu_order":0,"comment_status":"closed","ping_status":"closed","template":"page-fullwidth.php","meta":{"footnotes":""},"class_list":["post-1924","page","type-page","status-publish","hentry"],"_links":{"self":[{"href":"http:\/\/www.bruckner-online.at\/index.php?rest_route=\/wp\/v2\/pages\/1924"}],"collection":[{"href":"http:\/\/www.bruckner-online.at\/index.php?rest_route=\/wp\/v2\/pages"}],"about":[{"href":"http:\/\/www.bruckner-online.at\/index.php?rest_route=\/wp\/v2\/types\/page"}],"author":[{"embeddable":true,"href":"http:\/\/www.bruckner-online.at\/index.php?rest_route=\/wp\/v2\/users\/1"}],"replies":[{"embeddable":true,"href":"http:\/\/www.bruckner-online.at\/index.php?rest_route=%2Fwp%2Fv2%2Fcomments&post=1924"}],"version-history":[{"count":19,"href":"http:\/\/www.bruckner-online.at\/index.php?rest_route=\/wp\/v2\/pages\/1924\/revisions"}],"predecessor-version":[{"id":2032,"href":"http:\/\/www.bruckner-online.at\/index.php?rest_route=\/wp\/v2\/pages\/1924\/revisions\/2032"}],"wp:attachment":[{"href":"http:\/\/www.bruckner-online.at\/index.php?rest_route=%2Fwp%2Fv2%2Fmedia&parent=1924"}],"curies":[{"name":"wp","href":"https:\/\/api.w.org\/{rel}","templated":true}]}}