{"id":1700,"date":"2019-05-26T23:37:31","date_gmt":"2019-05-26T21:37:31","guid":{"rendered":"http:\/\/www.bruckner-online.at\/?page_id=1700"},"modified":"2023-03-05T13:10:20","modified_gmt":"2023-03-05T12:10:20","slug":"hinweise-zur-datenbank-copy-2-copy","status":"publish","type":"page","link":"http:\/\/www.bruckner-online.at\/?page_id=1700","title":{"rendered":"Werkeintr\u00e4ge \/ Quellenbeschreibungen"},"content":{"rendered":"\n<p><\/p>\n\n\n\n<p><strong>Werkeintr\u00e4ge<\/strong><\/p>\n\n\n\n<figure class=\"wp-block-table is-style-stripes\"><table><tbody>\n<tr><td>\n  WAB-Nr.\n  <\/td><\/tr>\n<tr><td>\n  Werktitel\n  <\/td><\/tr><tr><td>\n  Gattung\n  <\/td><\/tr><tr><td>\n  NGA\n  <\/td><\/tr><tr><td>\n  Autor\n  <\/td><\/tr>\n<tr><td>\n  Widmung (Empf\u00e4nger und Text)\n  <\/td><\/tr>\n<tr><td>\n  Komposition\n  <\/td><\/tr><tr><td>\n  Besetzung\n  <\/td><\/tr><tr><td>\n  Tonart\n  <\/td><\/tr>\n<tr><td>\n  Tempoangabe\n  <\/td><\/tr>\n<tr><td>\n  Textincipit\n  <\/td><\/tr>\n<tr><td>\n  Notenincipit\n  <\/td><\/tr>\n<tr><td>\n  Liedtext\n  <\/td><\/tr>\n<tr><td>\n  Werkteile,\n  S\u00e4tze, Tempi\n  <\/td><\/tr><tr><td>\n  Fassungen\n  <\/td><\/tr><tr><td>\n  Quellen\n  <\/td><\/tr><tr><td>\n  Auff\u00fchrungen\n  <\/td><\/tr><tr><td>\n  Link zum\n  ABLO\n  <\/td><\/tr><tr><td>\n  Verweis auf die Revisionsberichte\n  <\/td><\/tr><tr><td>\n  Bibliographie\n  <\/td><\/tr><\/tbody><\/table><\/figure>\n\n\n\n<hr class=\"wp-block-separator has-alpha-channel-opacity\"\/>\n\n\n\n<p><strong>Quellenbeschreibungen<\/strong><\/p>\n\n\n\n<figure class=\"wp-block-table is-style-stripes\"><table><tbody>\n<tr><td>\n  Titel\n  <\/td><\/tr>\n<tr><td>\nBesetzung \/ Stimmen\n  <\/td><\/tr>\n<tr><td>\nKategorie\n  <\/td><\/tr>\n<tr><td>\nWidmungstext\n  <\/td><\/tr>\n<tr><td>\nSchreiber\n  <\/td><\/tr>\n<tr><td>\nSchreibmedium\n  <\/td><\/tr>\n<tr><td>\nBeschreibstoff\n  <\/td><\/tr>\n<tr><td>\nOrt, Zeitraum\n  <\/td><\/tr>\n<tr><td>\nWasserzeichen\n  <\/td><\/tr>\n<tr><td>\nErg\u00e4nzungen\n  <\/td><\/tr>\n<tr><td>\nSignatur\n  <\/td><\/tr>\n<tr><td>\nProvenienz\n  <\/td><\/tr>\n<tr><td>\nVorbesitzer\n  <\/td><\/tr>\n<tr><td>\nKopie (v.a. A-Wn Photogrammarchiv)\n  <\/td><\/tr>\n<tr><td>\nKategorie (Druck)\n  <\/td><\/tr>\n<tr><td>\nVerlag (Druck)\n  <\/td><\/tr>\n<tr><td>\nPlatten-Nummer (Druck)\n  <\/td><\/tr>\n<tr><td>\nReferenzquelle (Druck)\n  <\/td><\/tr>\n<\/tbody><\/table><\/figure>\n\n\n\n<hr class=\"wp-block-separator has-alpha-channel-opacity\"\/>\n\n\n\n<p>Eine Besonderheit des Werkverzeichnisses ist dabei die enge Anbindung an das Anton Bruckner-Lexikon online, sodass im jeweiligen Werk eine Verkn\u00fcpfung zum entsprechenden Lexikon-Artikel besteht. Diese Verkn\u00fcpfung erm\u00f6glichte es auf die Dopplung einiger Angaben zu verzichten: so wurde die jeweilige Werkgenese nur stichpunktartig wiedergegeben und auf eine detaillierte Bibliographie bei einzelnen Datens\u00e4tzen verzichtet. Erg\u00e4nzt wurden Literaturangaben nur dann, wenn sie quellenspezifische Informationen enthalten, die f\u00fcr die Quellenbeschreibungen relevant sind, nicht aber zwingend f\u00fcr das gesamte Werk.<\/p>\n\n\n\n<p>Auff\u00fchrungsdaten wurden soweit wie m\u00f6glich aus dem ABLO \u00fcbernommen. Die dortigen Daten st\u00fctzen sich weitestgehend auf Angaben aus der Bruckner Biographie von August G\u00f6llerich und Max Auer* sowie auf weitere Daten, die Franz Scheder zusammengetragen hat. Durch die Autoren und die ABLO-Redaktion wurden Ungenauigkeiten bereits recherchiert, sodass sich das Werkverzeichnis auf diese Angaben verl\u00e4sst. Hinzugekommen sind recherchierbare Auff\u00fchrungsdaten \u00fcber die Volltextsuche des Zeitschriftenarchivs der \u00d6NB. Diese wurden von den Editoren des Werkverzeichnisses nach M\u00f6glichkeit mit der Datenbank des Anton Bruckner Instituts Linz (ABIL) abgeglichen. Eingeflossen sind dabei lediglich die Auff\u00fchrungen, die bis zu Bruckners Todesjahr 1896 stattfanden. Eine Ausnahme bilden Urauff\u00fchrungen, die posthum erfolgten und deshalb ebenfalls aufgenommen wurden.<\/p>\n\n\n\n<p>Mit der Auflistung der Quellen geht eine ausf\u00fchrliche Quellenbeschreibung einher, diese wurden auf Basis der Vorarbeiten der Quellendatenbank auf bruckner-online.at \u00fcbernommen, korrigiert, erg\u00e4nzt, verbessert und vereinheitlicht.<\/p>\n\n\n\n<p>* G\u00f6llerich, August und Auer, Max: Anton Bruckner. Ein Lebens- und Schaffensbild. Von August G\u00f6llerich. (Ab Bd. 2: ) Nach dessen Tod erg\u00e4nzt und hrsg. von Max Auer. 4 Bde. (= Deutsche Musikb\u00fccherei 36-39, Regensburg 1922-1937 ), 2. Auflage 1938; Reprint Regensburg 1974.<\/p>\n","protected":false},"excerpt":{"rendered":"<p>Werkeintr\u00e4ge WAB-Nr. Werktitel Gattung NGA Autor Widmung (Empf\u00e4nger und Text) Komposition Besetzung Tonart Tempoangabe Textincipit Notenincipit Liedtext Werkteile, S\u00e4tze, Tempi Fassungen Quellen Auff\u00fchrungen Link&#8230; &nbsp; <a href=\"http:\/\/www.bruckner-online.at\/?page_id=1700\" class=\"moretag\">&#8230;mehr <\/a><\/p>\n","protected":false},"author":1,"featured_media":0,"parent":0,"menu_order":0,"comment_status":"closed","ping_status":"closed","template":"page-fullwidth.php","meta":{"footnotes":""},"class_list":["post-1700","page","type-page","status-publish","hentry"],"_links":{"self":[{"href":"http:\/\/www.bruckner-online.at\/index.php?rest_route=\/wp\/v2\/pages\/1700"}],"collection":[{"href":"http:\/\/www.bruckner-online.at\/index.php?rest_route=\/wp\/v2\/pages"}],"about":[{"href":"http:\/\/www.bruckner-online.at\/index.php?rest_route=\/wp\/v2\/types\/page"}],"author":[{"embeddable":true,"href":"http:\/\/www.bruckner-online.at\/index.php?rest_route=\/wp\/v2\/users\/1"}],"replies":[{"embeddable":true,"href":"http:\/\/www.bruckner-online.at\/index.php?rest_route=%2Fwp%2Fv2%2Fcomments&post=1700"}],"version-history":[{"count":16,"href":"http:\/\/www.bruckner-online.at\/index.php?rest_route=\/wp\/v2\/pages\/1700\/revisions"}],"predecessor-version":[{"id":2116,"href":"http:\/\/www.bruckner-online.at\/index.php?rest_route=\/wp\/v2\/pages\/1700\/revisions\/2116"}],"wp:attachment":[{"href":"http:\/\/www.bruckner-online.at\/index.php?rest_route=%2Fwp%2Fv2%2Fmedia&parent=1700"}],"curies":[{"name":"wp","href":"https:\/\/api.w.org\/{rel}","templated":true}]}}