{"id":1577,"date":"2019-05-24T16:08:00","date_gmt":"2019-05-24T14:08:00","guid":{"rendered":"http:\/\/www.bruckner-online.at\/?page_id=1577"},"modified":"2019-08-26T19:45:13","modified_gmt":"2019-08-26T17:45:13","slug":"abkuerzungen-copy-copy","status":"publish","type":"page","link":"http:\/\/www.bruckner-online.at\/?page_id=1577","title":{"rendered":"Projekt"},"content":{"rendered":"\n<p><strong>Digitale Musikanalyse mit den Techniken der <em>Music Encoding Initiative<\/em> (MEI) am Beispiel der Kompositionsstudien Anton Bruckners<\/strong>.<\/p>\n\n\n\n<p>Die Aufgabe dieses interdisziplin\u00e4ren Projekts war die Entwicklung einer automatisierten Analyse harmonischer Strukturen auf Grundlage von XML-codierter Musik am Beispiel des sogenannten <em>Kitzler-Studienbuchs<\/em> Anton Bruckners. Hier sollte zum ersten Mal die praktische Umsetzung getestet und die Grenzen des Machbaren erschlossen werden. Neben computerbasierten Methoden und Werkzeugen zur Harmonieanalyse wurden neuartige Visualisierungskonzepte entwickelt, die es erlauben, gro\u00dfe Musikdatenbest\u00e4nde hinsichtlich harmonischer Strukturen und Varianten auf interaktive Weise zu durchsuchen, zu analysieren und die Ergebnisse am Computerbildschirm darzustellen. <\/p>\n\n\n\n<p>Als Datengrundlage wurde das <em>Kitzler-Studienbuch<\/em> in zeitgem\u00e4\u00dfer Weise digital erschlossen. Dazu wurden s\u00e4mtliche Inhalte in das Codierungsformat der <em>Music Encoding Initiative<\/em> (MEI) transkribiert und auf Taktebene mit den bereits vorhandenen Digitalisaten der Handschrift verkn\u00fcpft. Die Analyse der Musik erfolgte nicht auf Grundlage von Audiodateien (digital konservierter Livemusik), sondern von in MEI codierter \u201everschriftlichter\u201c Musik (Musiknotation). Das <em>Kitzler-Studienbuch<\/em> eignet sich hierf\u00fcr in besonderer Weise, da es zahlreiche harmonische Studien enth\u00e4lt, die weitgehend ohne gr\u00f6\u00dferen musikalischen Rahmen eine Vielzahl an harmonischen Entwicklungen abdecken und so eine beachtliche inhaltliche Bandbreite zur Verf\u00fcgung stellen kann. <\/p>\n\n\n\n<p>Die M\u00f6glichkeit der automatisierten Auswertung umfassender Musikkorpora kann zu einem Paradigmenwechsel innerhalb der Historischen Musikwissenschaft f\u00fchren: Bisherige Methoden w\u00fcrden nicht \u00fcberfl\u00fcssig, k\u00f6nnten aber aufgrund des objektiv vorgegebenen Befundes \u2013 der als solcher kritisch zu \u00fcberpr\u00fcfen w\u00e4re \u2013 mit neuen Fragestellungen konfrontiert werden. <\/p>\n\n\n\n<p>Das zweij\u00e4hrige Projekt, angesiedelt am Institut f\u00fcr kunst- und musikhistorische Forschungen, wurde aus Mitteln der Digital Humanities-F\u00f6rderprogram GO!DIGITAL 2.0 der \u00d6sterreichischen Akademie der Wissenschaften finanziert.<\/p>\n\n\n\n<p><strong>Projektleitung<\/strong><br>Doz. Dr. Robert Klugseder<\/p>\n\n\n\n<p><strong>Mitarbeiterinnen und Mitarbeiter<\/strong><br>Paul Gulewycz, M.A.<br>Peter Provaznik<br>Agnes Seipelt, M.A. <\/p>\n\n\n\n<p><strong>Scientific Advisory Board<\/strong><br>Dr. Johannes Kepper (Beethovens Werkstatt,  ZEN|M|E|M )<br>Dr. Laurent Pugin (RISM Schweiz)<\/p>\n\n\n\n<p><strong>Kooperationspartner<\/strong><br><a rel=\"noreferrer noopener\" aria-label=\"ZEN|M|E|M : Zentrum Musik \u2013 Edition \u2013 Medien Detmold\/Paderborn (\u00f6ffnet in neuem Tab)\" href=\"https:\/\/zenmem.de\/confluence\/\" target=\"_blank\">ZEN|M|E|M : Zentrum Musik \u2013 Edition \u2013 Medien Detmold\/Paderborn<\/a><br><a rel=\"noreferrer noopener\" aria-label=\" (\u00f6ffnet in neuem Tab)\" href=\"http:\/\/www.verovio.org\/index.xhtml\" target=\"_blank\">VEROVIO, RISM Schweiz<\/a><br><a rel=\"noreferrer noopener\" aria-label=\" (\u00f6ffnet in neuem Tab)\" href=\"https:\/\/www.onb.ac.at\/bibliothek\/sammlungen\/musik\" target=\"_blank\">\u00d6sterreichische Nationalbibliothek<\/a><\/p>\n\n\n\n<p><strong>Das Projekt auf GitHub<\/strong><br><a href=\"https:\/\/github.com\/paavomare\/Bruckner-Study-Book-Viewer\" target=\"_blank\" rel=\"noreferrer noopener\" aria-label=\"https:\/\/github.com\/paavomare\/Bruckner-Study-Book-Viewer (\u00f6ffnet in neuem Tab)\">https:\/\/github.com\/paavomare\/Bruckner-Study-Book-Viewer<\/a><\/p>\n","protected":false},"excerpt":{"rendered":"<p>Digitale Musikanalyse mit den Techniken der Music Encoding Initiative (MEI) am Beispiel der Kompositionsstudien Anton Bruckners. Die Aufgabe dieses interdisziplin\u00e4ren Projekts war die Entwicklung&#8230; &nbsp; <a href=\"http:\/\/www.bruckner-online.at\/?page_id=1577\" class=\"moretag\">&#8230;mehr <\/a><\/p>\n","protected":false},"author":1,"featured_media":1642,"parent":0,"menu_order":0,"comment_status":"open","ping_status":"open","template":"page-fullwidth.php","meta":{"footnotes":""},"class_list":["post-1577","page","type-page","status-publish","has-post-thumbnail","hentry"],"_links":{"self":[{"href":"http:\/\/www.bruckner-online.at\/index.php?rest_route=\/wp\/v2\/pages\/1577"}],"collection":[{"href":"http:\/\/www.bruckner-online.at\/index.php?rest_route=\/wp\/v2\/pages"}],"about":[{"href":"http:\/\/www.bruckner-online.at\/index.php?rest_route=\/wp\/v2\/types\/page"}],"author":[{"embeddable":true,"href":"http:\/\/www.bruckner-online.at\/index.php?rest_route=\/wp\/v2\/users\/1"}],"replies":[{"embeddable":true,"href":"http:\/\/www.bruckner-online.at\/index.php?rest_route=%2Fwp%2Fv2%2Fcomments&post=1577"}],"version-history":[{"count":9,"href":"http:\/\/www.bruckner-online.at\/index.php?rest_route=\/wp\/v2\/pages\/1577\/revisions"}],"predecessor-version":[{"id":1743,"href":"http:\/\/www.bruckner-online.at\/index.php?rest_route=\/wp\/v2\/pages\/1577\/revisions\/1743"}],"wp:featuredmedia":[{"embeddable":true,"href":"http:\/\/www.bruckner-online.at\/index.php?rest_route=\/wp\/v2\/media\/1642"}],"wp:attachment":[{"href":"http:\/\/www.bruckner-online.at\/index.php?rest_route=%2Fwp%2Fv2%2Fmedia&parent=1577"}],"curies":[{"name":"wp","href":"https:\/\/api.w.org\/{rel}","templated":true}]}}